{"id":4692,"date":"2025-02-11T12:53:12","date_gmt":"2025-02-11T12:53:12","guid":{"rendered":"https:\/\/www.carpentry-jclemente.com\/?page_id=4692"},"modified":"2025-02-11T13:00:47","modified_gmt":"2025-02-11T13:00:47","slug":"galeria-escritorio-dilaco","status":"publish","type":"page","link":"https:\/\/www.carpentry-jclemente.com\/en\/galeria-escritorio-dilaco\/","title":{"rendered":"DILACO Office"},"content":{"rendered":"<div class=\"section section-white section-2\"   style=\"padding-top:100px;padding-bottom:100px;border-radius:0px;\" >\n\t\n\t\n\t\n\t\t\n\t\t\n\t\t\t\t\t\t\n\t\t\t\t\t<div class=\"container align-left\">\n\n\t\t\t\t\t\t\t\t<div class=\"row  portfolio-no-gutter portfolio-2\">\n\n\t\t\t\t\t\n\t\t\t\t\t<div class=\"row\">\n\t\n<div class=\"col-xs-12 col-sm-3 no-padding align-top\" style=\"border-radius:0px;\"  >\n\t\t\t\t\n\t\t\t\n<div class=\"portfolio-item\" data-category=\"\" style=\"border-radius:0px;\">\n\t<div class=\"portfolio-item__wrap\">\n\t\t<img decoding=\"async\" class=\"portfolio-item__img\" src=\"https:\/\/www.carpentry-jclemente.com\/wp-content\/uploads\/2025\/02\/IMG_4010-600x600.jpeg\" alt=\"Escrit\u00f3rio DILACO\">\n\t\t<div class=\"portfolio-item__inner\">\n\t\t\t<a href=\"https:\/\/www.carpentry-jclemente.com\/wp-content\/uploads\/2025\/02\/IMG_4010-rotated.jpeg\" class=\"portfolio-item__link ico-150 preview-photo\" >\n\t\t\t\t\t\t\t<\/a>\n\t\t\t<div class=\"project-modal\">\n\t\t\t\t\t\t\t\t<div class=\"project-modal__inner\">\n\t\t\t\t\t<h6 class=\"project-modal__title\">DILACO Office<\/h6>\n\t\t\t\t\t<div class=\"project-modal__description\"><\/div>\n\t\t\t\t\t\t\t\t\t\t\t\t\t\t\t\t\t\t\t<\/div>\n\t\t\t<\/div>\n\t\t\t\t\t\t<h5 class=\"portfolio-item__title\">DILACO Office<\/h5>\n\t\t\t\t\t\t\t\t\t<span class=\"portfolio-item__subtitle\">Check our Works<\/span>\n\t\t\t\t\t<\/div>\n\t<\/div>\n<\/div>\t\t\t\n\t\t\n\t<\/div>\n<div class=\"col-xs-12 col-sm-3 no-padding align-top\" style=\"border-radius:0px;\"  >\n\t\t\t\t\n\t\t\t\n<div class=\"portfolio-item\" data-category=\"\" style=\"border-radius:0px;\">\n\t<div class=\"portfolio-item__wrap\">\n\t\t<img decoding=\"async\" class=\"portfolio-item__img\" src=\"https:\/\/www.carpentry-jclemente.com\/wp-content\/uploads\/2025\/02\/IMG_4024-600x600.jpeg\" alt=\"Escrit\u00f3rio DILACO\">\n\t\t<div class=\"portfolio-item__inner\">\n\t\t\t<a href=\"https:\/\/www.carpentry-jclemente.com\/wp-content\/uploads\/2025\/02\/IMG_4024-rotated.jpeg\" class=\"portfolio-item__link ico-150 preview-photo\" >\n\t\t\t\t\t\t\t<\/a>\n\t\t\t<div class=\"project-modal\">\n\t\t\t\t\t\t\t\t<div class=\"project-modal__inner\">\n\t\t\t\t\t<h6 class=\"project-modal__title\">DILACO Office<\/h6>\n\t\t\t\t\t<div class=\"project-modal__description\"><\/div>\n\t\t\t\t\t\t\t\t\t\t\t\t\t\t\t\t\t\t\t<\/div>\n\t\t\t<\/div>\n\t\t\t\t\t\t<h5 class=\"portfolio-item__title\">DILACO Office<\/h5>\n\t\t\t\t\t\t\t\t\t<span class=\"portfolio-item__subtitle\">Check our Works<\/span>\n\t\t\t\t\t<\/div>\n\t<\/div>\n<\/div>\t\t\t\n\t\t\n\t<\/div>\n<div class=\"col-xs-12 col-sm-3 no-padding align-top\" style=\"border-radius:0px;\"  >\n\t\t\t\t\n\t\t\t\n<div class=\"portfolio-item\" data-category=\"\" style=\"border-radius:0px;\">\n\t<div class=\"portfolio-item__wrap\">\n\t\t<img decoding=\"async\" class=\"portfolio-item__img\" src=\"https:\/\/www.carpentry-jclemente.com\/wp-content\/uploads\/2025\/02\/IMG_4028-600x600.jpeg\" alt=\"Escrit\u00f3rio DILACO\">\n\t\t<div class=\"portfolio-item__inner\">\n\t\t\t<a href=\"https:\/\/www.carpentry-jclemente.com\/wp-content\/uploads\/2025\/02\/IMG_4028-rotated.jpeg\" class=\"portfolio-item__link ico-150 preview-photo\" >\n\t\t\t\t\t\t\t<\/a>\n\t\t\t<div class=\"project-modal\">\n\t\t\t\t\t\t\t\t<div class=\"project-modal__inner\">\n\t\t\t\t\t<h6 class=\"project-modal__title\">DILACO Office<\/h6>\n\t\t\t\t\t<div class=\"project-modal__description\"><\/div>\n\t\t\t\t\t\t\t\t\t\t\t\t\t\t\t\t\t\t\t<\/div>\n\t\t\t<\/div>\n\t\t\t\t\t\t<h5 class=\"portfolio-item__title\">DILACO Office<\/h5>\n\t\t\t\t\t\t\t\t\t<span class=\"portfolio-item__subtitle\">Check our Works<\/span>\n\t\t\t\t\t<\/div>\n\t<\/div>\n<\/div>\t\t\t\n\t\t\n\t<\/div>\n<div class=\"col-xs-12 col-sm-3 no-padding align-top\" style=\"border-radius:0px;\"  >\n\t\t\t\t\n\t\t\t\n<div class=\"portfolio-item\" data-category=\"\" style=\"border-radius:0px;\">\n\t<div class=\"portfolio-item__wrap\">\n\t\t<img decoding=\"async\" class=\"portfolio-item__img\" src=\"https:\/\/www.carpentry-jclemente.com\/wp-content\/uploads\/2025\/02\/IMG_4029-600x600.jpeg\" alt=\"Escrit\u00f3rio DILACO\">\n\t\t<div class=\"portfolio-item__inner\">\n\t\t\t<a href=\"https:\/\/www.carpentry-jclemente.com\/wp-content\/uploads\/2025\/02\/IMG_4029-rotated.jpeg\" class=\"portfolio-item__link ico-150 preview-photo\" >\n\t\t\t\t\t\t\t<\/a>\n\t\t\t<div class=\"project-modal\">\n\t\t\t\t\t\t\t\t<div class=\"project-modal__inner\">\n\t\t\t\t\t<h6 class=\"project-modal__title\">DILACO Office<\/h6>\n\t\t\t\t\t<div class=\"project-modal__description\"><\/div>\n\t\t\t\t\t\t\t\t\t\t\t\t\t\t\t\t\t\t\t<\/div>\n\t\t\t<\/div>\n\t\t\t\t\t\t<h5 class=\"portfolio-item__title\">DILACO Office<\/h5>\n\t\t\t\t\t\t\t\t\t<span class=\"portfolio-item__subtitle\">Check our Works<\/span>\n\t\t\t\t\t<\/div>\n\t<\/div>\n<\/div>\t\t\t\n\t\t\n\t<\/div>\n<div class=\"col-xs-12 col-sm-3 no-padding align-top\" style=\"border-radius:0px;\"  >\n\t\t\t\t\n\t\t\t\n<div class=\"portfolio-item\" data-category=\"\" style=\"border-radius:0px;\">\n\t<div class=\"portfolio-item__wrap\">\n\t\t<img decoding=\"async\" class=\"portfolio-item__img\" src=\"https:\/\/www.carpentry-jclemente.com\/wp-content\/uploads\/2025\/02\/IMG_4030-600x600.jpeg\" alt=\"Escrit\u00f3rio DILACO\">\n\t\t<div class=\"portfolio-item__inner\">\n\t\t\t<a href=\"https:\/\/www.carpentry-jclemente.com\/wp-content\/uploads\/2025\/02\/IMG_4030-rotated.jpeg\" class=\"portfolio-item__link ico-150 preview-photo\" >\n\t\t\t\t\t\t\t<\/a>\n\t\t\t<div class=\"project-modal\">\n\t\t\t\t\t\t\t\t<div class=\"project-modal__inner\">\n\t\t\t\t\t<h6 class=\"project-modal__title\">DILACO Office<\/h6>\n\t\t\t\t\t<div class=\"project-modal__description\"><\/div>\n\t\t\t\t\t\t\t\t\t\t\t\t\t\t\t\t\t\t\t<\/div>\n\t\t\t<\/div>\n\t\t\t\t\t\t<h5 class=\"portfolio-item__title\">DILACO Office<\/h5>\n\t\t\t\t\t\t\t\t\t<span class=\"portfolio-item__subtitle\">Check our Works<\/span>\n\t\t\t\t\t<\/div>\n\t<\/div>\n<\/div>\t\t\t\n\t\t\n\t<\/div>\n<div class=\"col-xs-12 col-sm-3 no-padding align-top\" style=\"border-radius:0px;\"  >\n\t\t\t\t\n\t\t\t\n<div class=\"portfolio-item\" data-category=\"\" style=\"border-radius:0px;\">\n\t<div class=\"portfolio-item__wrap\">\n\t\t<img decoding=\"async\" class=\"portfolio-item__img\" src=\"https:\/\/www.carpentry-jclemente.com\/wp-content\/uploads\/2025\/02\/IMG_4032-600x600.jpeg\" alt=\"Escrit\u00f3rio DILACO\">\n\t\t<div class=\"portfolio-item__inner\">\n\t\t\t<a href=\"https:\/\/www.carpentry-jclemente.com\/wp-content\/uploads\/2025\/02\/IMG_4032-rotated.jpeg\" class=\"portfolio-item__link ico-150 preview-photo\" >\n\t\t\t\t\t\t\t<\/a>\n\t\t\t<div class=\"project-modal\">\n\t\t\t\t\t\t\t\t<div class=\"project-modal__inner\">\n\t\t\t\t\t<h6 class=\"project-modal__title\">DILACO Office<\/h6>\n\t\t\t\t\t<div class=\"project-modal__description\"><\/div>\n\t\t\t\t\t\t\t\t\t\t\t\t\t\t\t\t\t\t\t<\/div>\n\t\t\t<\/div>\n\t\t\t\t\t\t<h5 class=\"portfolio-item__title\">DILACO Office<\/h5>\n\t\t\t\t\t\t\t\t\t<span class=\"portfolio-item__subtitle\">Check our Works<\/span>\n\t\t\t\t\t<\/div>\n\t<\/div>\n<\/div>\t\t\t\n\t\t\n\t<\/div>\n<div class=\"col-xs-12 col-sm-3 no-padding align-top\" style=\"border-radius:0px;\"  >\n\t\t\t\t\n\t\t\t\n<div class=\"portfolio-item\" data-category=\"\" style=\"border-radius:0px;\">\n\t<div class=\"portfolio-item__wrap\">\n\t\t<img decoding=\"async\" class=\"portfolio-item__img\" src=\"https:\/\/www.carpentry-jclemente.com\/wp-content\/uploads\/2025\/02\/IMG_4034-600x600.jpeg\" alt=\"Escrit\u00f3rio DILACO\">\n\t\t<div class=\"portfolio-item__inner\">\n\t\t\t<a href=\"https:\/\/www.carpentry-jclemente.com\/wp-content\/uploads\/2025\/02\/IMG_4034-rotated.jpeg\" class=\"portfolio-item__link ico-150 preview-photo\" >\n\t\t\t\t\t\t\t<\/a>\n\t\t\t<div class=\"project-modal\">\n\t\t\t\t\t\t\t\t<div class=\"project-modal__inner\">\n\t\t\t\t\t<h6 class=\"project-modal__title\">DILACO Office<\/h6>\n\t\t\t\t\t<div class=\"project-modal__description\"><\/div>\n\t\t\t\t\t\t\t\t\t\t\t\t\t\t\t\t\t\t\t<\/div>\n\t\t\t<\/div>\n\t\t\t\t\t\t<h5 class=\"portfolio-item__title\">DILACO Office<\/h5>\n\t\t\t\t\t\t\t\t\t<span class=\"portfolio-item__subtitle\">Check our Works<\/span>\n\t\t\t\t\t<\/div>\n\t<\/div>\n<\/div>\t\t\t\n\t\t\n\t<\/div>\n<div class=\"col-xs-12 col-sm-3 no-padding align-top\" style=\"border-radius:0px;\"  >\n\t\t\t\t\n\t\t\t\n<div class=\"portfolio-item\" data-category=\"\" style=\"border-radius:0px;\">\n\t<div class=\"portfolio-item__wrap\">\n\t\t<img decoding=\"async\" class=\"portfolio-item__img\" src=\"https:\/\/www.carpentry-jclemente.com\/wp-content\/uploads\/2025\/02\/IMG_4035-600x600.jpeg\" alt=\"Escrit\u00f3rio DILACO\">\n\t\t<div class=\"portfolio-item__inner\">\n\t\t\t<a href=\"https:\/\/www.carpentry-jclemente.com\/wp-content\/uploads\/2025\/02\/IMG_4035-rotated.jpeg\" class=\"portfolio-item__link ico-150 preview-photo\" >\n\t\t\t\t\t\t\t<\/a>\n\t\t\t<div class=\"project-modal\">\n\t\t\t\t\t\t\t\t<div class=\"project-modal__inner\">\n\t\t\t\t\t<h6 class=\"project-modal__title\">DILACO Office<\/h6>\n\t\t\t\t\t<div class=\"project-modal__description\"><\/div>\n\t\t\t\t\t\t\t\t\t\t\t\t\t\t\t\t\t\t\t<\/div>\n\t\t\t<\/div>\n\t\t\t\t\t\t<h5 class=\"portfolio-item__title\">DILACO Office<\/h5>\n\t\t\t\t\t\t\t\t\t<span class=\"portfolio-item__subtitle\">Check our Works<\/span>\n\t\t\t\t\t<\/div>\n\t<\/div>\n<\/div>\t\t\t\n\t\t\n\t<\/div>\n<div class=\"col-xs-12 col-sm-3 no-padding align-top\" style=\"border-radius:0px;\"  >\n\t\t\t\t\n\t\t\t\n<div class=\"portfolio-item\" data-category=\"\" style=\"border-radius:0px;\">\n\t<div class=\"portfolio-item__wrap\">\n\t\t<img decoding=\"async\" class=\"portfolio-item__img\" src=\"https:\/\/www.carpentry-jclemente.com\/wp-content\/uploads\/2025\/02\/IMG_4036-600x600.jpeg\" alt=\"Escrit\u00f3rio DILACO\">\n\t\t<div class=\"portfolio-item__inner\">\n\t\t\t<a href=\"https:\/\/www.carpentry-jclemente.com\/wp-content\/uploads\/2025\/02\/IMG_4036-rotated.jpeg\" class=\"portfolio-item__link ico-150 preview-photo\" >\n\t\t\t\t\t\t\t<\/a>\n\t\t\t<div class=\"project-modal\">\n\t\t\t\t\t\t\t\t<div class=\"project-modal__inner\">\n\t\t\t\t\t<h6 class=\"project-modal__title\">DILACO Office<\/h6>\n\t\t\t\t\t<div class=\"project-modal__description\"><\/div>\n\t\t\t\t\t\t\t\t\t\t\t\t\t\t\t\t\t\t\t<\/div>\n\t\t\t<\/div>\n\t\t\t\t\t\t<h5 class=\"portfolio-item__title\">DILACO Office<\/h5>\n\t\t\t\t\t\t\t\t\t<span class=\"portfolio-item__subtitle\">Check our Works<\/span>\n\t\t\t\t\t<\/div>\n\t<\/div>\n<\/div>\t\t\t\n\t\t\n\t<\/div>\n<div class=\"col-xs-12 col-sm-3 no-padding align-top\" style=\"border-radius:0px;\"  >\n\t\t\t\t\n\t\t\t\n<div class=\"portfolio-item\" data-category=\"\" style=\"border-radius:0px;\">\n\t<div class=\"portfolio-item__wrap\">\n\t\t<img decoding=\"async\" class=\"portfolio-item__img\" src=\"https:\/\/www.carpentry-jclemente.com\/wp-content\/uploads\/2025\/02\/IMG_4039-600x600.jpeg\" alt=\"Escrit\u00f3rio DILACO\">\n\t\t<div class=\"portfolio-item__inner\">\n\t\t\t<a href=\"https:\/\/www.carpentry-jclemente.com\/wp-content\/uploads\/2025\/02\/IMG_4039-rotated.jpeg\" class=\"portfolio-item__link ico-150 preview-photo\" >\n\t\t\t\t\t\t\t<\/a>\n\t\t\t<div class=\"project-modal\">\n\t\t\t\t\t\t\t\t<div class=\"project-modal__inner\">\n\t\t\t\t\t<h6 class=\"project-modal__title\">DILACO Office<\/h6>\n\t\t\t\t\t<div class=\"project-modal__description\"><\/div>\n\t\t\t\t\t\t\t\t\t\t\t\t\t\t\t\t\t\t\t<\/div>\n\t\t\t<\/div>\n\t\t\t\t\t\t<h5 class=\"portfolio-item__title\">DILACO Office<\/h5>\n\t\t\t\t\t\t\t\t\t<span class=\"portfolio-item__subtitle\">Check our Works<\/span>\n\t\t\t\t\t<\/div>\n\t<\/div>\n<\/div>\t\t\t\n\t\t\n\t<\/div>\n<div class=\"col-xs-12 col-sm-3 no-padding align-top\" style=\"border-radius:0px;\"  >\n\t\t\t\t\n\t\t\t\n<div class=\"portfolio-item\" data-category=\"\" style=\"border-radius:0px;\">\n\t<div class=\"portfolio-item__wrap\">\n\t\t<img decoding=\"async\" class=\"portfolio-item__img\" src=\"https:\/\/www.carpentry-jclemente.com\/wp-content\/uploads\/2025\/02\/IMG_4040-600x600.jpeg\" alt=\"Escrit\u00f3rio DILACO\">\n\t\t<div class=\"portfolio-item__inner\">\n\t\t\t<a href=\"https:\/\/www.carpentry-jclemente.com\/wp-content\/uploads\/2025\/02\/IMG_4040-rotated.jpeg\" class=\"portfolio-item__link ico-150 preview-photo\" >\n\t\t\t\t\t\t\t<\/a>\n\t\t\t<div class=\"project-modal\">\n\t\t\t\t\t\t\t\t<div class=\"project-modal__inner\">\n\t\t\t\t\t<h6 class=\"project-modal__title\">DILACO Office<\/h6>\n\t\t\t\t\t<div class=\"project-modal__description\"><\/div>\n\t\t\t\t\t\t\t\t\t\t\t\t\t\t\t\t\t\t\t<\/div>\n\t\t\t<\/div>\n\t\t\t\t\t\t<h5 class=\"portfolio-item__title\">DILACO Office<\/h5>\n\t\t\t\t\t\t\t\t\t<span class=\"portfolio-item__subtitle\">Check our Works<\/span>\n\t\t\t\t\t<\/div>\n\t<\/div>\n<\/div>\t\t\t\n\t\t\n\t<\/div>\n<div class=\"col-xs-12 col-sm-3 no-padding align-top\" style=\"border-radius:0px;\"  >\n\t\t\t\t\n\t\t\t\n<div class=\"portfolio-item\" data-category=\"\" style=\"border-radius:0px;\">\n\t<div class=\"portfolio-item__wrap\">\n\t\t<img decoding=\"async\" class=\"portfolio-item__img\" src=\"https:\/\/www.carpentry-jclemente.com\/wp-content\/uploads\/2025\/02\/IMG_4041-600x600.jpeg\" alt=\"Escrit\u00f3rio DILACO\">\n\t\t<div class=\"portfolio-item__inner\">\n\t\t\t<a href=\"https:\/\/www.carpentry-jclemente.com\/wp-content\/uploads\/2025\/02\/IMG_4041-rotated.jpeg\" class=\"portfolio-item__link ico-150 preview-photo\" >\n\t\t\t\t\t\t\t<\/a>\n\t\t\t<div class=\"project-modal\">\n\t\t\t\t\t\t\t\t<div class=\"project-modal__inner\">\n\t\t\t\t\t<h6 class=\"project-modal__title\">DILACO Office<\/h6>\n\t\t\t\t\t<div class=\"project-modal__description\"><\/div>\n\t\t\t\t\t\t\t\t\t\t\t\t\t\t\t\t\t\t\t<\/div>\n\t\t\t<\/div>\n\t\t\t\t\t\t<h5 class=\"portfolio-item__title\">DILACO Office<\/h5>\n\t\t\t\t\t\t\t\t\t<span class=\"portfolio-item__subtitle\">Check our Works<\/span>\n\t\t\t\t\t<\/div>\n\t<\/div>\n<\/div>\t\t\t\n\t\t\n\t<\/div>\n<div class=\"col-xs-12 col-sm-3 no-padding align-top\" style=\"border-radius:0px;\"  >\n\t\t\t\t\n\t\t\t\n<div class=\"portfolio-item\" data-category=\"\" style=\"border-radius:0px;\">\n\t<div class=\"portfolio-item__wrap\">\n\t\t<img decoding=\"async\" class=\"portfolio-item__img\" src=\"https:\/\/www.carpentry-jclemente.com\/wp-content\/uploads\/2025\/02\/IMG_4043-600x600.jpeg\" alt=\"Escrit\u00f3rio DILACO\">\n\t\t<div class=\"portfolio-item__inner\">\n\t\t\t<a href=\"https:\/\/www.carpentry-jclemente.com\/wp-content\/uploads\/2025\/02\/IMG_4043-rotated.jpeg\" class=\"portfolio-item__link ico-150 preview-photo\" >\n\t\t\t\t\t\t\t<\/a>\n\t\t\t<div class=\"project-modal\">\n\t\t\t\t\t\t\t\t<div class=\"project-modal__inner\">\n\t\t\t\t\t<h6 class=\"project-modal__title\">DILACO Office<\/h6>\n\t\t\t\t\t<div class=\"project-modal__description\"><\/div>\n\t\t\t\t\t\t\t\t\t\t\t\t\t\t\t\t\t\t\t<\/div>\n\t\t\t<\/div>\n\t\t\t\t\t\t<h5 class=\"portfolio-item__title\">DILACO Office<\/h5>\n\t\t\t\t\t\t\t\t\t<span class=\"portfolio-item__subtitle\">Check our Works<\/span>\n\t\t\t\t\t<\/div>\n\t<\/div>\n<\/div>\t\t\t\n\t\t\n\t<\/div>\n<div class=\"col-xs-12 col-sm-3 no-padding align-top\" style=\"border-radius:0px;\"  >\n\t\t\t\t\n\t\t\t\n<div class=\"portfolio-item\" data-category=\"\" style=\"border-radius:0px;\">\n\t<div class=\"portfolio-item__wrap\">\n\t\t<img decoding=\"async\" class=\"portfolio-item__img\" src=\"https:\/\/www.carpentry-jclemente.com\/wp-content\/uploads\/2025\/02\/IMG_4044-600x600.jpeg\" alt=\"Escrit\u00f3rio DILACO\">\n\t\t<div class=\"portfolio-item__inner\">\n\t\t\t<a href=\"https:\/\/www.carpentry-jclemente.com\/wp-content\/uploads\/2025\/02\/IMG_4044-rotated.jpeg\" class=\"portfolio-item__link ico-150 preview-photo\" >\n\t\t\t\t\t\t\t<\/a>\n\t\t\t<div class=\"project-modal\">\n\t\t\t\t\t\t\t\t<div class=\"project-modal__inner\">\n\t\t\t\t\t<h6 class=\"project-modal__title\">DILACO Office<\/h6>\n\t\t\t\t\t<div class=\"project-modal__description\"><\/div>\n\t\t\t\t\t\t\t\t\t\t\t\t\t\t\t\t\t\t\t<\/div>\n\t\t\t<\/div>\n\t\t\t\t\t\t<h5 class=\"portfolio-item__title\">DILACO Office<\/h5>\n\t\t\t\t\t\t\t\t\t<span class=\"portfolio-item__subtitle\">Check our Works<\/span>\n\t\t\t\t\t<\/div>\n\t<\/div>\n<\/div>\t\t\t\n\t\t\n\t<\/div>\n<div class=\"col-xs-12 col-sm-3 no-padding align-top\" style=\"border-radius:0px;\"  >\n\t\t\t\t\n\t\t\t\n<div class=\"portfolio-item\" data-category=\"\" style=\"border-radius:0px;\">\n\t<div class=\"portfolio-item__wrap\">\n\t\t<img decoding=\"async\" class=\"portfolio-item__img\" src=\"https:\/\/www.carpentry-jclemente.com\/wp-content\/uploads\/2025\/02\/IMG_4046-517x600.jpeg\" alt=\"Escrit\u00f3rio DILACO\">\n\t\t<div class=\"portfolio-item__inner\">\n\t\t\t<a href=\"https:\/\/www.carpentry-jclemente.com\/wp-content\/uploads\/2025\/02\/IMG_4046-rotated.jpeg\" class=\"portfolio-item__link ico-150 preview-photo\" >\n\t\t\t\t\t\t\t<\/a>\n\t\t\t<div class=\"project-modal\">\n\t\t\t\t\t\t\t\t<div class=\"project-modal__inner\">\n\t\t\t\t\t<h6 class=\"project-modal__title\">DILACO Office<\/h6>\n\t\t\t\t\t<div class=\"project-modal__description\"><\/div>\n\t\t\t\t\t\t\t\t\t\t\t\t\t\t\t\t\t\t\t<\/div>\n\t\t\t<\/div>\n\t\t\t\t\t\t<h5 class=\"portfolio-item__title\">DILACO Office<\/h5>\n\t\t\t\t\t\t\t\t\t<span class=\"portfolio-item__subtitle\">Check our Works<\/span>\n\t\t\t\t\t<\/div>\n\t<\/div>\n<\/div>\t\t\t\n\t\t\n\t<\/div>\n<div class=\"col-xs-12 col-sm-3 no-padding align-top\" style=\"border-radius:0px;\"  >\n\t\t\t\t\n\t\t\t\n<div class=\"portfolio-item\" data-category=\"\" style=\"border-radius:0px;\">\n\t<div class=\"portfolio-item__wrap\">\n\t\t<img decoding=\"async\" class=\"portfolio-item__img\" src=\"https:\/\/www.carpentry-jclemente.com\/wp-content\/uploads\/2025\/02\/IMG_4311-600x600.jpeg\" alt=\"Escrit\u00f3rio DILACO\">\n\t\t<div class=\"portfolio-item__inner\">\n\t\t\t<a href=\"https:\/\/www.carpentry-jclemente.com\/wp-content\/uploads\/2025\/02\/IMG_4311-rotated.jpeg\" class=\"portfolio-item__link ico-150 preview-photo\" >\n\t\t\t\t\t\t\t<\/a>\n\t\t\t<div class=\"project-modal\">\n\t\t\t\t\t\t\t\t<div class=\"project-modal__inner\">\n\t\t\t\t\t<h6 class=\"project-modal__title\">DILACO Office<\/h6>\n\t\t\t\t\t<div class=\"project-modal__description\"><\/div>\n\t\t\t\t\t\t\t\t\t\t\t\t\t\t\t\t\t\t\t<\/div>\n\t\t\t<\/div>\n\t\t\t\t\t\t<h5 class=\"portfolio-item__title\">DILACO Office<\/h5>\n\t\t\t\t\t\t\t\t\t<span class=\"portfolio-item__subtitle\">Check our Works<\/span>\n\t\t\t\t\t<\/div>\n\t<\/div>\n<\/div>\t\t\t\n\t\t\n\t<\/div><\/div>\n\n\n\t\t\t\t\t\t\t\t\t<\/div>\n\t\t\t\t\n\t\t\t<\/div>\n\t\t\t\t\n\t<\/div>","protected":false},"excerpt":{"rendered":"<p>Escrit\u00f3rio DILACO Escrit\u00f3rio DILACO Alguns dos nossos trabalhos Escrit\u00f3rio DILACO Escrit\u00f3rio DILACO Alguns dos nossos trabalhos Escrit\u00f3rio DILACO Escrit\u00f3rio DILACO Alguns dos nossos trabalhos Escrit\u00f3rio DILACO Escrit\u00f3rio DILACO Alguns dos nossos trabalhos Escrit\u00f3rio DILACO Escrit\u00f3rio DILACO Alguns dos nossos trabalhos Escrit\u00f3rio DILACO Escrit\u00f3rio DILACO Alguns dos nossos trabalhos Escrit\u00f3rio DILACO Escrit\u00f3rio DILACO Alguns dos nossos<\/p>\n<a class=\"more-link btn-a btn-a_color_theme btn-a_hover_2\" href=\"https:\/\/www.carpentry-jclemente.com\/en\/galeria-escritorio-dilaco\/\">Read more<\/a>","protected":false},"author":2,"featured_media":0,"parent":0,"menu_order":0,"comment_status":"closed","ping_status":"closed","template":"page-simple.php","meta":{"footnotes":""},"class_list":["post-4692","page","type-page","status-publish","hentry"],"_links":{"self":[{"href":"https:\/\/www.carpentry-jclemente.com\/en\/wp-json\/wp\/v2\/pages\/4692","targetHints":{"allow":["GET"]}}],"collection":[{"href":"https:\/\/www.carpentry-jclemente.com\/en\/wp-json\/wp\/v2\/pages"}],"about":[{"href":"https:\/\/www.carpentry-jclemente.com\/en\/wp-json\/wp\/v2\/types\/page"}],"author":[{"embeddable":true,"href":"https:\/\/www.carpentry-jclemente.com\/en\/wp-json\/wp\/v2\/users\/2"}],"replies":[{"embeddable":true,"href":"https:\/\/www.carpentry-jclemente.com\/en\/wp-json\/wp\/v2\/comments?post=4692"}],"version-history":[{"count":2,"href":"https:\/\/www.carpentry-jclemente.com\/en\/wp-json\/wp\/v2\/pages\/4692\/revisions"}],"predecessor-version":[{"id":4717,"href":"https:\/\/www.carpentry-jclemente.com\/en\/wp-json\/wp\/v2\/pages\/4692\/revisions\/4717"}],"wp:attachment":[{"href":"https:\/\/www.carpentry-jclemente.com\/en\/wp-json\/wp\/v2\/media?parent=4692"}],"curies":[{"name":"wp","href":"https:\/\/api.w.org\/{rel}","templated":true}]}}