{"id":4677,"date":"2025-02-11T12:38:25","date_gmt":"2025-02-11T12:38:25","guid":{"rendered":"https:\/\/www.carpentry-jclemente.com\/?page_id=4677"},"modified":"2025-02-11T12:45:52","modified_gmt":"2025-02-11T12:45:52","slug":"galeria-escritorio-bic","status":"publish","type":"page","link":"https:\/\/www.carpentry-jclemente.com\/en\/galeria-escritorio-bic\/","title":{"rendered":"BIC Office"},"content":{"rendered":"<div class=\"section section-white section-2\"   style=\"padding-top:100px;padding-bottom:100px;border-radius:0px;\" >\n\t\n\t\n\t\n\t\t\n\t\t\n\t\t\t\t\t\t\n\t\t\t\t\t<div class=\"container align-left\">\n\n\t\t\t\t\t\t\t\t<div class=\"row  portfolio-no-gutter portfolio-2\">\n\n\t\t\t\t\t\n\t\t\t\t\t<div class=\"row\">\n\t\n<div class=\"col-xs-12 col-sm-3 no-padding align-top\" style=\"border-radius:0px;\"  >\n\t\t\t\t\n\t\t\t\n<div class=\"portfolio-item\" data-category=\"\" style=\"border-radius:0px;\">\n\t<div class=\"portfolio-item__wrap\">\n\t\t<img decoding=\"async\" class=\"portfolio-item__img\" src=\"https:\/\/www.carpentry-jclemente.com\/wp-content\/uploads\/2025\/02\/IMG_1273-281x600.png\" alt=\"Escrit\u00f3rio BIC\">\n\t\t<div class=\"portfolio-item__inner\">\n\t\t\t<a href=\"https:\/\/www.carpentry-jclemente.com\/wp-content\/uploads\/2025\/02\/IMG_1273.png\" class=\"portfolio-item__link ico-150 preview-photo\" >\n\t\t\t\t\t\t\t<\/a>\n\t\t\t<div class=\"project-modal\">\n\t\t\t\t\t\t\t\t<div class=\"project-modal__inner\">\n\t\t\t\t\t<h6 class=\"project-modal__title\">BIC Office<\/h6>\n\t\t\t\t\t<div class=\"project-modal__description\"><\/div>\n\t\t\t\t\t\t\t\t\t\t\t\t\t\t\t\t\t\t\t<\/div>\n\t\t\t<\/div>\n\t\t\t\t\t\t<h5 class=\"portfolio-item__title\">BIC Office<\/h5>\n\t\t\t\t\t\t\t\t\t<span class=\"portfolio-item__subtitle\">Check our Works<\/span>\n\t\t\t\t\t<\/div>\n\t<\/div>\n<\/div>\t\t\t\n\t\t\n\t<\/div>\n<div class=\"col-xs-12 col-sm-3 no-padding align-top\" style=\"border-radius:0px;\"  >\n\t\t\t\t\n\t\t\t\n<div class=\"portfolio-item\" data-category=\"\" style=\"border-radius:0px;\">\n\t<div class=\"portfolio-item__wrap\">\n\t\t<img decoding=\"async\" class=\"portfolio-item__img\" src=\"https:\/\/www.carpentry-jclemente.com\/wp-content\/uploads\/2025\/02\/IMG_1274-281x600.png\" alt=\"Escrit\u00f3rio BIC\">\n\t\t<div class=\"portfolio-item__inner\">\n\t\t\t<a href=\"https:\/\/www.carpentry-jclemente.com\/wp-content\/uploads\/2025\/02\/IMG_1274.png\" class=\"portfolio-item__link ico-150 preview-photo\" >\n\t\t\t\t\t\t\t<\/a>\n\t\t\t<div class=\"project-modal\">\n\t\t\t\t\t\t\t\t<div class=\"project-modal__inner\">\n\t\t\t\t\t<h6 class=\"project-modal__title\">BIC Office<\/h6>\n\t\t\t\t\t<div class=\"project-modal__description\"><\/div>\n\t\t\t\t\t\t\t\t\t\t\t\t\t\t\t\t\t\t\t<\/div>\n\t\t\t<\/div>\n\t\t\t\t\t\t<h5 class=\"portfolio-item__title\">BIC Office<\/h5>\n\t\t\t\t\t\t\t\t\t<span class=\"portfolio-item__subtitle\">Check our Works<\/span>\n\t\t\t\t\t<\/div>\n\t<\/div>\n<\/div>\t\t\t\n\t\t\n\t<\/div>\n<div class=\"col-xs-12 col-sm-3 no-padding align-top\" style=\"border-radius:0px;\"  >\n\t\t\t\t\n\t\t\t\n<div class=\"portfolio-item\" data-category=\"\" style=\"border-radius:0px;\">\n\t<div class=\"portfolio-item__wrap\">\n\t\t<img decoding=\"async\" class=\"portfolio-item__img\" src=\"https:\/\/www.carpentry-jclemente.com\/wp-content\/uploads\/2025\/02\/IMG_1275.jpeg\" alt=\"Escrit\u00f3rio BIC\">\n\t\t<div class=\"portfolio-item__inner\">\n\t\t\t<a href=\"https:\/\/www.carpentry-jclemente.com\/wp-content\/uploads\/2025\/02\/IMG_1275.jpeg\" class=\"portfolio-item__link ico-150 preview-photo\" >\n\t\t\t\t\t\t\t<\/a>\n\t\t\t<div class=\"project-modal\">\n\t\t\t\t\t\t\t\t<div class=\"project-modal__inner\">\n\t\t\t\t\t<h6 class=\"project-modal__title\">BIC Office<\/h6>\n\t\t\t\t\t<div class=\"project-modal__description\"><\/div>\n\t\t\t\t\t\t\t\t\t\t\t\t\t\t\t\t\t\t\t<\/div>\n\t\t\t<\/div>\n\t\t\t\t\t\t<h5 class=\"portfolio-item__title\">BIC Office<\/h5>\n\t\t\t\t\t\t\t\t\t<span class=\"portfolio-item__subtitle\">Check our Works<\/span>\n\t\t\t\t\t<\/div>\n\t<\/div>\n<\/div>\t\t\t\n\t\t\n\t<\/div>\n<div class=\"col-xs-12 col-sm-3 no-padding align-top\" style=\"border-radius:0px;\"  >\n\t\t\t\t\n\t\t\t\n<div class=\"portfolio-item\" data-category=\"\" style=\"border-radius:0px;\">\n\t<div class=\"portfolio-item__wrap\">\n\t\t<img decoding=\"async\" class=\"portfolio-item__img\" src=\"https:\/\/www.carpentry-jclemente.com\/wp-content\/uploads\/2025\/02\/IMG_1276.jpeg\" alt=\"Escrit\u00f3rio BIC\">\n\t\t<div class=\"portfolio-item__inner\">\n\t\t\t<a href=\"https:\/\/www.carpentry-jclemente.com\/wp-content\/uploads\/2025\/02\/IMG_1276.jpeg\" class=\"portfolio-item__link ico-150 preview-photo\" >\n\t\t\t\t\t\t\t<\/a>\n\t\t\t<div class=\"project-modal\">\n\t\t\t\t\t\t\t\t<div class=\"project-modal__inner\">\n\t\t\t\t\t<h6 class=\"project-modal__title\">BIC Office<\/h6>\n\t\t\t\t\t<div class=\"project-modal__description\"><\/div>\n\t\t\t\t\t\t\t\t\t\t\t\t\t\t\t\t\t\t\t<\/div>\n\t\t\t<\/div>\n\t\t\t\t\t\t<h5 class=\"portfolio-item__title\">BIC Office<\/h5>\n\t\t\t\t\t\t\t\t\t<span class=\"portfolio-item__subtitle\">Check our Works<\/span>\n\t\t\t\t\t<\/div>\n\t<\/div>\n<\/div>\t\t\t\n\t\t\n\t<\/div>\n<div class=\"col-xs-12 col-sm-3 no-padding align-top\" style=\"border-radius:0px;\"  >\n\t\t\t\t\n\t\t\t\n<div class=\"portfolio-item\" data-category=\"\" style=\"border-radius:0px;\">\n\t<div class=\"portfolio-item__wrap\">\n\t\t<img decoding=\"async\" class=\"portfolio-item__img\" src=\"https:\/\/www.carpentry-jclemente.com\/wp-content\/uploads\/2025\/02\/IMG_1277.jpeg\" alt=\"Escrit\u00f3rio BIC\">\n\t\t<div class=\"portfolio-item__inner\">\n\t\t\t<a href=\"https:\/\/www.carpentry-jclemente.com\/wp-content\/uploads\/2025\/02\/IMG_1277.jpeg\" class=\"portfolio-item__link ico-150 preview-photo\" >\n\t\t\t\t\t\t\t<\/a>\n\t\t\t<div class=\"project-modal\">\n\t\t\t\t\t\t\t\t<div class=\"project-modal__inner\">\n\t\t\t\t\t<h6 class=\"project-modal__title\">BIC Office<\/h6>\n\t\t\t\t\t<div class=\"project-modal__description\"><\/div>\n\t\t\t\t\t\t\t\t\t\t\t\t\t\t\t\t\t\t\t<\/div>\n\t\t\t<\/div>\n\t\t\t\t\t\t<h5 class=\"portfolio-item__title\">BIC Office<\/h5>\n\t\t\t\t\t\t\t\t\t<span class=\"portfolio-item__subtitle\">Check our Works<\/span>\n\t\t\t\t\t<\/div>\n\t<\/div>\n<\/div>\t\t\t\n\t\t\n\t<\/div>\n<div class=\"col-xs-12 col-sm-3 no-padding align-top\" style=\"border-radius:0px;\"  >\n\t\t\t\t\n\t\t\t\n<div class=\"portfolio-item\" data-category=\"\" style=\"border-radius:0px;\">\n\t<div class=\"portfolio-item__wrap\">\n\t\t<img decoding=\"async\" class=\"portfolio-item__img\" src=\"https:\/\/www.carpentry-jclemente.com\/wp-content\/uploads\/2025\/02\/IMG_1278.jpeg\" alt=\"Escrit\u00f3rio BIC\">\n\t\t<div class=\"portfolio-item__inner\">\n\t\t\t<a href=\"https:\/\/www.carpentry-jclemente.com\/wp-content\/uploads\/2025\/02\/IMG_1278.jpeg\" class=\"portfolio-item__link ico-150 preview-photo\" >\n\t\t\t\t\t\t\t<\/a>\n\t\t\t<div class=\"project-modal\">\n\t\t\t\t\t\t\t\t<div class=\"project-modal__inner\">\n\t\t\t\t\t<h6 class=\"project-modal__title\">BIC Office<\/h6>\n\t\t\t\t\t<div class=\"project-modal__description\"><\/div>\n\t\t\t\t\t\t\t\t\t\t\t\t\t\t\t\t\t\t\t<\/div>\n\t\t\t<\/div>\n\t\t\t\t\t\t<h5 class=\"portfolio-item__title\">BIC Office<\/h5>\n\t\t\t\t\t\t\t\t\t<span class=\"portfolio-item__subtitle\">Check our Works<\/span>\n\t\t\t\t\t<\/div>\n\t<\/div>\n<\/div>\t\t\t\n\t\t\n\t<\/div>\n<div class=\"col-xs-12 col-sm-3 no-padding align-top\" style=\"border-radius:0px;\"  >\n\t\t\t\t\n\t\t\t\n<div class=\"portfolio-item\" data-category=\"\" style=\"border-radius:0px;\">\n\t<div class=\"portfolio-item__wrap\">\n\t\t<img decoding=\"async\" class=\"portfolio-item__img\" src=\"https:\/\/www.carpentry-jclemente.com\/wp-content\/uploads\/2025\/02\/IMG_1280.jpeg\" alt=\"Escrit\u00f3rio BIC\">\n\t\t<div class=\"portfolio-item__inner\">\n\t\t\t<a href=\"https:\/\/www.carpentry-jclemente.com\/wp-content\/uploads\/2025\/02\/IMG_1280.jpeg\" class=\"portfolio-item__link ico-150 preview-photo\" >\n\t\t\t\t\t\t\t<\/a>\n\t\t\t<div class=\"project-modal\">\n\t\t\t\t\t\t\t\t<div class=\"project-modal__inner\">\n\t\t\t\t\t<h6 class=\"project-modal__title\">BIC Office<\/h6>\n\t\t\t\t\t<div class=\"project-modal__description\"><\/div>\n\t\t\t\t\t\t\t\t\t\t\t\t\t\t\t\t\t\t\t<\/div>\n\t\t\t<\/div>\n\t\t\t\t\t\t<h5 class=\"portfolio-item__title\">BIC Office<\/h5>\n\t\t\t\t\t\t\t\t\t<span class=\"portfolio-item__subtitle\">Check our Works<\/span>\n\t\t\t\t\t<\/div>\n\t<\/div>\n<\/div>\t\t\t\n\t\t\n\t<\/div>\n<div class=\"col-xs-12 col-sm-3 no-padding align-top\" style=\"border-radius:0px;\"  >\n\t\t\t\t\n\t\t\t\n<div class=\"portfolio-item\" data-category=\"\" style=\"border-radius:0px;\">\n\t<div class=\"portfolio-item__wrap\">\n\t\t<img decoding=\"async\" class=\"portfolio-item__img\" src=\"https:\/\/www.carpentry-jclemente.com\/wp-content\/uploads\/2025\/02\/IMG_1281.jpeg\" alt=\"Escrit\u00f3rio BIC\">\n\t\t<div class=\"portfolio-item__inner\">\n\t\t\t<a href=\"https:\/\/www.carpentry-jclemente.com\/wp-content\/uploads\/2025\/02\/IMG_1281.jpeg\" class=\"portfolio-item__link ico-150 preview-photo\" >\n\t\t\t\t\t\t\t<\/a>\n\t\t\t<div class=\"project-modal\">\n\t\t\t\t\t\t\t\t<div class=\"project-modal__inner\">\n\t\t\t\t\t<h6 class=\"project-modal__title\">BIC Office<\/h6>\n\t\t\t\t\t<div class=\"project-modal__description\"><\/div>\n\t\t\t\t\t\t\t\t\t\t\t\t\t\t\t\t\t\t\t<\/div>\n\t\t\t<\/div>\n\t\t\t\t\t\t<h5 class=\"portfolio-item__title\">BIC Office<\/h5>\n\t\t\t\t\t\t\t\t\t<span class=\"portfolio-item__subtitle\">Check our Works<\/span>\n\t\t\t\t\t<\/div>\n\t<\/div>\n<\/div>\t\t\t\n\t\t\n\t<\/div>\n<div class=\"col-xs-12 col-sm-3 no-padding align-top\" style=\"border-radius:0px;\"  >\n\t\t\t\t\n\t\t\t\n<div class=\"portfolio-item\" data-category=\"\" style=\"border-radius:0px;\">\n\t<div class=\"portfolio-item__wrap\">\n\t\t<img decoding=\"async\" class=\"portfolio-item__img\" src=\"https:\/\/www.carpentry-jclemente.com\/wp-content\/uploads\/2025\/02\/IMG_1282.jpeg\" alt=\"Escrit\u00f3rio BIC\">\n\t\t<div class=\"portfolio-item__inner\">\n\t\t\t<a href=\"https:\/\/www.carpentry-jclemente.com\/wp-content\/uploads\/2025\/02\/IMG_1282.jpeg\" class=\"portfolio-item__link ico-150 preview-photo\" >\n\t\t\t\t\t\t\t<\/a>\n\t\t\t<div class=\"project-modal\">\n\t\t\t\t\t\t\t\t<div class=\"project-modal__inner\">\n\t\t\t\t\t<h6 class=\"project-modal__title\">BIC Office<\/h6>\n\t\t\t\t\t<div class=\"project-modal__description\"><\/div>\n\t\t\t\t\t\t\t\t\t\t\t\t\t\t\t\t\t\t\t<\/div>\n\t\t\t<\/div>\n\t\t\t\t\t\t<h5 class=\"portfolio-item__title\">BIC Office<\/h5>\n\t\t\t\t\t\t\t\t\t<span class=\"portfolio-item__subtitle\">Check our Works<\/span>\n\t\t\t\t\t<\/div>\n\t<\/div>\n<\/div>\t\t\t\n\t\t\n\t<\/div>\n<div class=\"col-xs-12 col-sm-3 no-padding align-top\" style=\"border-radius:0px;\"  >\n\t\t\t\t\n\t\t\t\n<div class=\"portfolio-item\" data-category=\"\" style=\"border-radius:0px;\">\n\t<div class=\"portfolio-item__wrap\">\n\t\t<img decoding=\"async\" class=\"portfolio-item__img\" src=\"https:\/\/www.carpentry-jclemente.com\/wp-content\/uploads\/2025\/02\/IMG_1283.jpeg\" alt=\"Escrit\u00f3rio BIC\">\n\t\t<div class=\"portfolio-item__inner\">\n\t\t\t<a href=\"https:\/\/www.carpentry-jclemente.com\/wp-content\/uploads\/2025\/02\/IMG_1283.jpeg\" class=\"portfolio-item__link ico-150 preview-photo\" >\n\t\t\t\t\t\t\t<\/a>\n\t\t\t<div class=\"project-modal\">\n\t\t\t\t\t\t\t\t<div class=\"project-modal__inner\">\n\t\t\t\t\t<h6 class=\"project-modal__title\">BIC Office<\/h6>\n\t\t\t\t\t<div class=\"project-modal__description\"><\/div>\n\t\t\t\t\t\t\t\t\t\t\t\t\t\t\t\t\t\t\t<\/div>\n\t\t\t<\/div>\n\t\t\t\t\t\t<h5 class=\"portfolio-item__title\">BIC Office<\/h5>\n\t\t\t\t\t\t\t\t\t<span class=\"portfolio-item__subtitle\">Check our Works<\/span>\n\t\t\t\t\t<\/div>\n\t<\/div>\n<\/div>\t\t\t\n\t\t\n\t<\/div>\n<div class=\"col-xs-12 col-sm-3 no-padding align-top\" style=\"border-radius:0px;\"  >\n\t\t\t\t\n\t\t\t\n<div class=\"portfolio-item\" data-category=\"\" style=\"border-radius:0px;\">\n\t<div class=\"portfolio-item__wrap\">\n\t\t<img decoding=\"async\" class=\"portfolio-item__img\" src=\"https:\/\/www.carpentry-jclemente.com\/wp-content\/uploads\/2025\/02\/IMG_1284.jpeg\" alt=\"Escrit\u00f3rio BIC\">\n\t\t<div class=\"portfolio-item__inner\">\n\t\t\t<a href=\"https:\/\/www.carpentry-jclemente.com\/wp-content\/uploads\/2025\/02\/IMG_1284.jpeg\" class=\"portfolio-item__link ico-150 preview-photo\" >\n\t\t\t\t\t\t\t<\/a>\n\t\t\t<div class=\"project-modal\">\n\t\t\t\t\t\t\t\t<div class=\"project-modal__inner\">\n\t\t\t\t\t<h6 class=\"project-modal__title\">BIC Office<\/h6>\n\t\t\t\t\t<div class=\"project-modal__description\"><\/div>\n\t\t\t\t\t\t\t\t\t\t\t\t\t\t\t\t\t\t\t<\/div>\n\t\t\t<\/div>\n\t\t\t\t\t\t<h5 class=\"portfolio-item__title\">BIC Office<\/h5>\n\t\t\t\t\t\t\t\t\t<span class=\"portfolio-item__subtitle\">Check our Works<\/span>\n\t\t\t\t\t<\/div>\n\t<\/div>\n<\/div>\t\t\t\n\t\t\n\t<\/div>\n<div class=\"col-xs-12 col-sm-3 no-padding align-top\" style=\"border-radius:0px;\"  >\n\t\t\t\t\n\t\t\t\n<div class=\"portfolio-item\" data-category=\"\" style=\"border-radius:0px;\">\n\t<div class=\"portfolio-item__wrap\">\n\t\t<img decoding=\"async\" class=\"portfolio-item__img\" src=\"https:\/\/www.carpentry-jclemente.com\/wp-content\/uploads\/2025\/02\/IMG_1285.jpeg\" alt=\"Escrit\u00f3rio BIC\">\n\t\t<div class=\"portfolio-item__inner\">\n\t\t\t<a href=\"https:\/\/www.carpentry-jclemente.com\/wp-content\/uploads\/2025\/02\/IMG_1285.jpeg\" class=\"portfolio-item__link ico-150 preview-photo\" >\n\t\t\t\t\t\t\t<\/a>\n\t\t\t<div class=\"project-modal\">\n\t\t\t\t\t\t\t\t<div class=\"project-modal__inner\">\n\t\t\t\t\t<h6 class=\"project-modal__title\">BIC Office<\/h6>\n\t\t\t\t\t<div class=\"project-modal__description\"><\/div>\n\t\t\t\t\t\t\t\t\t\t\t\t\t\t\t\t\t\t\t<\/div>\n\t\t\t<\/div>\n\t\t\t\t\t\t<h5 class=\"portfolio-item__title\">BIC Office<\/h5>\n\t\t\t\t\t\t\t\t\t<span class=\"portfolio-item__subtitle\">Check our Works<\/span>\n\t\t\t\t\t<\/div>\n\t<\/div>\n<\/div>\t\t\t\n\t\t\n\t<\/div>\n<div class=\"col-xs-12 col-sm-3 no-padding align-top\" style=\"border-radius:0px;\"  >\n\t\t\t\t\n\t\t\t\n<div class=\"portfolio-item\" data-category=\"\" style=\"border-radius:0px;\">\n\t<div class=\"portfolio-item__wrap\">\n\t\t<img decoding=\"async\" class=\"portfolio-item__img\" src=\"https:\/\/www.carpentry-jclemente.com\/wp-content\/uploads\/2025\/02\/IMG_1286.jpeg\" alt=\"Escrit\u00f3rio BIC\">\n\t\t<div class=\"portfolio-item__inner\">\n\t\t\t<a href=\"https:\/\/www.carpentry-jclemente.com\/wp-content\/uploads\/2025\/02\/IMG_1286.jpeg\" class=\"portfolio-item__link ico-150 preview-photo\" >\n\t\t\t\t\t\t\t<\/a>\n\t\t\t<div class=\"project-modal\">\n\t\t\t\t\t\t\t\t<div class=\"project-modal__inner\">\n\t\t\t\t\t<h6 class=\"project-modal__title\">BIC Office<\/h6>\n\t\t\t\t\t<div class=\"project-modal__description\"><\/div>\n\t\t\t\t\t\t\t\t\t\t\t\t\t\t\t\t\t\t\t<\/div>\n\t\t\t<\/div>\n\t\t\t\t\t\t<h5 class=\"portfolio-item__title\">BIC Office<\/h5>\n\t\t\t\t\t\t\t\t\t<span class=\"portfolio-item__subtitle\">Check our Works<\/span>\n\t\t\t\t\t<\/div>\n\t<\/div>\n<\/div>\t\t\t\n\t\t\n\t<\/div><\/div>\n\n\n\t\t\t\t\t\t\t\t\t<\/div>\n\t\t\t\t\n\t\t\t<\/div>\n\t\t\t\t\n\t<\/div>","protected":false},"excerpt":{"rendered":"<p>Escrit\u00f3rio BIC Escrit\u00f3rio BIC Alguns dos nossos trabalhos Escrit\u00f3rio BIC Escrit\u00f3rio BIC Alguns dos nossos trabalhos Escrit\u00f3rio BIC Escrit\u00f3rio BIC Alguns dos nossos trabalhos Escrit\u00f3rio BIC Escrit\u00f3rio BIC Alguns dos nossos trabalhos Escrit\u00f3rio BIC Escrit\u00f3rio BIC Alguns dos nossos trabalhos Escrit\u00f3rio BIC Escrit\u00f3rio BIC Alguns dos nossos trabalhos Escrit\u00f3rio BIC Escrit\u00f3rio BIC Alguns dos nossos<\/p>\n<a class=\"more-link btn-a btn-a_color_theme btn-a_hover_2\" href=\"https:\/\/www.carpentry-jclemente.com\/en\/galeria-escritorio-bic\/\">Read more<\/a>","protected":false},"author":2,"featured_media":0,"parent":0,"menu_order":0,"comment_status":"closed","ping_status":"closed","template":"page-simple.php","meta":{"footnotes":""},"class_list":["post-4677","page","type-page","status-publish","hentry"],"_links":{"self":[{"href":"https:\/\/www.carpentry-jclemente.com\/en\/wp-json\/wp\/v2\/pages\/4677","targetHints":{"allow":["GET"]}}],"collection":[{"href":"https:\/\/www.carpentry-jclemente.com\/en\/wp-json\/wp\/v2\/pages"}],"about":[{"href":"https:\/\/www.carpentry-jclemente.com\/en\/wp-json\/wp\/v2\/types\/page"}],"author":[{"embeddable":true,"href":"https:\/\/www.carpentry-jclemente.com\/en\/wp-json\/wp\/v2\/users\/2"}],"replies":[{"embeddable":true,"href":"https:\/\/www.carpentry-jclemente.com\/en\/wp-json\/wp\/v2\/comments?post=4677"}],"version-history":[{"count":3,"href":"https:\/\/www.carpentry-jclemente.com\/en\/wp-json\/wp\/v2\/pages\/4677\/revisions"}],"predecessor-version":[{"id":4686,"href":"https:\/\/www.carpentry-jclemente.com\/en\/wp-json\/wp\/v2\/pages\/4677\/revisions\/4686"}],"wp:attachment":[{"href":"https:\/\/www.carpentry-jclemente.com\/en\/wp-json\/wp\/v2\/media?parent=4677"}],"curies":[{"name":"wp","href":"https:\/\/api.w.org\/{rel}","templated":true}]}}