{"id":4629,"date":"2025-02-11T12:28:26","date_gmt":"2025-02-11T12:28:26","guid":{"rendered":"https:\/\/www.carpentry-jclemente.com\/?page_id=4629"},"modified":"2025-02-12T19:23:48","modified_gmt":"2025-02-12T19:23:48","slug":"galeria-armarios","status":"publish","type":"page","link":"https:\/\/www.carpentry-jclemente.com\/en\/galeria-armarios\/","title":{"rendered":"Cabinets"},"content":{"rendered":"<div class=\"section section-white section-2\"   style=\"padding-top:100px;padding-bottom:100px;border-radius:0px;\" >\n\t\n\t\n\t\n\t\t\n\t\t\n\t\t\t\t\t\t\n\t\t\t\t\t<div class=\"container align-left\">\n\n\t\t\t\t\t\t\t\t<div class=\"row  portfolio-no-gutter portfolio-2\">\n\n\t\t\t\t\t\n\t\t\t\t\t<div class=\"row\">\n\t\n<div class=\"col-xs-12 col-sm-3 no-padding align-top\" style=\"border-radius:0px;\"  >\n\t\t\t\t\n\t\t\t\n<div class=\"portfolio-item\" data-category=\"\" style=\"border-radius:0px;\">\n\t<div class=\"portfolio-item__wrap\">\n\t\t<img decoding=\"async\" class=\"portfolio-item__img\" src=\"https:\/\/www.carpentry-jclemente.com\/wp-content\/uploads\/2025\/02\/IMG_1155.jpeg\" alt=\"Arm\u00e1rios\">\n\t\t<div class=\"portfolio-item__inner\">\n\t\t\t<a href=\"https:\/\/www.carpentry-jclemente.com\/wp-content\/uploads\/2025\/02\/IMG_1155.jpeg\" class=\"portfolio-item__link ico-150 preview-photo\" >\n\t\t\t\t\t\t\t<\/a>\n\t\t\t<div class=\"project-modal\">\n\t\t\t\t\t\t\t\t<div class=\"project-modal__inner\">\n\t\t\t\t\t<h6 class=\"project-modal__title\">Cabinets<\/h6>\n\t\t\t\t\t<div class=\"project-modal__description\"><\/div>\n\t\t\t\t\t\t\t\t\t\t\t\t\t\t\t\t\t\t\t<\/div>\n\t\t\t<\/div>\n\t\t\t\t\t\t<h5 class=\"portfolio-item__title\">Cabinets<\/h5>\n\t\t\t\t\t\t\t\t\t<span class=\"portfolio-item__subtitle\">Check our Works<\/span>\n\t\t\t\t\t<\/div>\n\t<\/div>\n<\/div>\t\t\t\n\t\t\n\t<\/div>\n<div class=\"col-xs-12 col-sm-3 no-padding align-top\" style=\"border-radius:0px;\"  >\n\t\t\t\t\n\t\t\t\n<div class=\"portfolio-item\" data-category=\"\" style=\"border-radius:0px;\">\n\t<div class=\"portfolio-item__wrap\">\n\t\t<img decoding=\"async\" class=\"portfolio-item__img\" src=\"https:\/\/www.carpentry-jclemente.com\/wp-content\/uploads\/2025\/02\/IMG_1321-600x600.jpeg\" alt=\"Arm\u00e1rios\">\n\t\t<div class=\"portfolio-item__inner\">\n\t\t\t<a href=\"https:\/\/www.carpentry-jclemente.com\/wp-content\/uploads\/2025\/02\/IMG_1321-rotated.jpeg\" class=\"portfolio-item__link ico-150 preview-photo\" >\n\t\t\t\t\t\t\t<\/a>\n\t\t\t<div class=\"project-modal\">\n\t\t\t\t\t\t\t\t<div class=\"project-modal__inner\">\n\t\t\t\t\t<h6 class=\"project-modal__title\">Cabinets<\/h6>\n\t\t\t\t\t<div class=\"project-modal__description\"><\/div>\n\t\t\t\t\t\t\t\t\t\t\t\t\t\t\t\t\t\t\t<\/div>\n\t\t\t<\/div>\n\t\t\t\t\t\t<h5 class=\"portfolio-item__title\">Cabinets<\/h5>\n\t\t\t\t\t\t\t\t\t<span class=\"portfolio-item__subtitle\">Check our Works<\/span>\n\t\t\t\t\t<\/div>\n\t<\/div>\n<\/div>\t\t\t\n\t\t\n\t<\/div>\n<div class=\"col-xs-12 col-sm-3 no-padding align-top\" style=\"border-radius:0px;\"  >\n\t\t\t\t\n\t\t\t\n<div class=\"portfolio-item\" data-category=\"\" style=\"border-radius:0px;\">\n\t<div class=\"portfolio-item__wrap\">\n\t\t<img decoding=\"async\" class=\"portfolio-item__img\" src=\"https:\/\/www.carpentry-jclemente.com\/wp-content\/uploads\/2025\/02\/IMG_1322-600x600.jpeg\" alt=\"Arm\u00e1rios\">\n\t\t<div class=\"portfolio-item__inner\">\n\t\t\t<a href=\"https:\/\/www.carpentry-jclemente.com\/wp-content\/uploads\/2025\/02\/IMG_1322-rotated.jpeg\" class=\"portfolio-item__link ico-150 preview-photo\" >\n\t\t\t\t\t\t\t<\/a>\n\t\t\t<div class=\"project-modal\">\n\t\t\t\t\t\t\t\t<div class=\"project-modal__inner\">\n\t\t\t\t\t<h6 class=\"project-modal__title\">Cabinets<\/h6>\n\t\t\t\t\t<div class=\"project-modal__description\"><\/div>\n\t\t\t\t\t\t\t\t\t\t\t\t\t\t\t\t\t\t\t<\/div>\n\t\t\t<\/div>\n\t\t\t\t\t\t<h5 class=\"portfolio-item__title\">Cabinets<\/h5>\n\t\t\t\t\t\t\t\t\t<span class=\"portfolio-item__subtitle\">Check our Works<\/span>\n\t\t\t\t\t<\/div>\n\t<\/div>\n<\/div>\t\t\t\n\t\t\n\t<\/div>\n<div class=\"col-xs-12 col-sm-3 no-padding align-top\" style=\"border-radius:0px;\"  >\n\t\t\t\t\n\t\t\t\n<div class=\"portfolio-item\" data-category=\"\" style=\"border-radius:0px;\">\n\t<div class=\"portfolio-item__wrap\">\n\t\t<img decoding=\"async\" class=\"portfolio-item__img\" src=\"https:\/\/www.carpentry-jclemente.com\/wp-content\/uploads\/2025\/02\/IMG_4304-600x600.jpeg\" alt=\"Arm\u00e1rios\">\n\t\t<div class=\"portfolio-item__inner\">\n\t\t\t<a href=\"https:\/\/www.carpentry-jclemente.com\/wp-content\/uploads\/2025\/02\/IMG_4304-rotated.jpeg\" class=\"portfolio-item__link ico-150 preview-photo\" >\n\t\t\t\t\t\t\t<\/a>\n\t\t\t<div class=\"project-modal\">\n\t\t\t\t\t\t\t\t<div class=\"project-modal__inner\">\n\t\t\t\t\t<h6 class=\"project-modal__title\">Cabinets<\/h6>\n\t\t\t\t\t<div class=\"project-modal__description\"><\/div>\n\t\t\t\t\t\t\t\t\t\t\t\t\t\t\t\t\t\t\t<\/div>\n\t\t\t<\/div>\n\t\t\t\t\t\t<h5 class=\"portfolio-item__title\">Cabinets<\/h5>\n\t\t\t\t\t\t\t\t\t<span class=\"portfolio-item__subtitle\">Check our Works<\/span>\n\t\t\t\t\t<\/div>\n\t<\/div>\n<\/div>\t\t\t\n\t\t\n\t<\/div>\n<div class=\"col-xs-12 col-sm-3 no-padding align-top\" style=\"border-radius:0px;\"  >\n\t\t\t\t\n\t\t\t\n<div class=\"portfolio-item\" data-category=\"\" style=\"border-radius:0px;\">\n\t<div class=\"portfolio-item__wrap\">\n\t\t<img decoding=\"async\" class=\"portfolio-item__img\" src=\"https:\/\/www.carpentry-jclemente.com\/wp-content\/uploads\/2025\/02\/IMG_4305-600x600.jpeg\" alt=\"Arm\u00e1rios\">\n\t\t<div class=\"portfolio-item__inner\">\n\t\t\t<a href=\"https:\/\/www.carpentry-jclemente.com\/wp-content\/uploads\/2025\/02\/IMG_4305-rotated.jpeg\" class=\"portfolio-item__link ico-150 preview-photo\" >\n\t\t\t\t\t\t\t<\/a>\n\t\t\t<div class=\"project-modal\">\n\t\t\t\t\t\t\t\t<div class=\"project-modal__inner\">\n\t\t\t\t\t<h6 class=\"project-modal__title\">Cabinets<\/h6>\n\t\t\t\t\t<div class=\"project-modal__description\"><\/div>\n\t\t\t\t\t\t\t\t\t\t\t\t\t\t\t\t\t\t\t<\/div>\n\t\t\t<\/div>\n\t\t\t\t\t\t<h5 class=\"portfolio-item__title\">Cabinets<\/h5>\n\t\t\t\t\t\t\t\t\t<span class=\"portfolio-item__subtitle\">Check our Works<\/span>\n\t\t\t\t\t<\/div>\n\t<\/div>\n<\/div>\t\t\t\n\t\t\n\t<\/div>\n<div class=\"col-xs-12 col-sm-3 no-padding align-top\" style=\"border-radius:0px;\"  >\n\t\t\t\t\n\t\t\t\n<div class=\"portfolio-item\" data-category=\"\" style=\"border-radius:0px;\">\n\t<div class=\"portfolio-item__wrap\">\n\t\t<img decoding=\"async\" class=\"portfolio-item__img\" src=\"https:\/\/www.carpentry-jclemente.com\/wp-content\/uploads\/2025\/02\/IMG_4306-600x600.jpeg\" alt=\"Arm\u00e1rios\">\n\t\t<div class=\"portfolio-item__inner\">\n\t\t\t<a href=\"https:\/\/www.carpentry-jclemente.com\/wp-content\/uploads\/2025\/02\/IMG_4306-rotated.jpeg\" class=\"portfolio-item__link ico-150 preview-photo\" >\n\t\t\t\t\t\t\t<\/a>\n\t\t\t<div class=\"project-modal\">\n\t\t\t\t\t\t\t\t<div class=\"project-modal__inner\">\n\t\t\t\t\t<h6 class=\"project-modal__title\">Cabinets<\/h6>\n\t\t\t\t\t<div class=\"project-modal__description\"><\/div>\n\t\t\t\t\t\t\t\t\t\t\t\t\t\t\t\t\t\t\t<\/div>\n\t\t\t<\/div>\n\t\t\t\t\t\t<h5 class=\"portfolio-item__title\">Cabinets<\/h5>\n\t\t\t\t\t\t\t\t\t<span class=\"portfolio-item__subtitle\">Check our Works<\/span>\n\t\t\t\t\t<\/div>\n\t<\/div>\n<\/div>\t\t\t\n\t\t\n\t<\/div>\n<div class=\"col-xs-12 col-sm-3 no-padding align-top\" style=\"border-radius:0px;\"  >\n\t\t\t\t\n\t\t\t\n<div class=\"portfolio-item\" data-category=\"\" style=\"border-radius:0px;\">\n\t<div class=\"portfolio-item__wrap\">\n\t\t<img decoding=\"async\" class=\"portfolio-item__img\" src=\"https:\/\/www.carpentry-jclemente.com\/wp-content\/uploads\/2025\/02\/IMG_4309-600x600.jpeg\" alt=\"Arm\u00e1rios\">\n\t\t<div class=\"portfolio-item__inner\">\n\t\t\t<a href=\"https:\/\/www.carpentry-jclemente.com\/wp-content\/uploads\/2025\/02\/IMG_4309-rotated.jpeg\" class=\"portfolio-item__link ico-150 preview-photo\" >\n\t\t\t\t\t\t\t<\/a>\n\t\t\t<div class=\"project-modal\">\n\t\t\t\t\t\t\t\t<div class=\"project-modal__inner\">\n\t\t\t\t\t<h6 class=\"project-modal__title\">Cabinets<\/h6>\n\t\t\t\t\t<div class=\"project-modal__description\"><\/div>\n\t\t\t\t\t\t\t\t\t\t\t\t\t\t\t\t\t\t\t<\/div>\n\t\t\t<\/div>\n\t\t\t\t\t\t<h5 class=\"portfolio-item__title\">Cabinets<\/h5>\n\t\t\t\t\t\t\t\t\t<span class=\"portfolio-item__subtitle\">Check our Works<\/span>\n\t\t\t\t\t<\/div>\n\t<\/div>\n<\/div>\t\t\t\n\t\t\n\t<\/div>\n<div class=\"col-xs-12 col-sm-3 no-padding align-top\" style=\"border-radius:0px;\"  >\n\t\t\t\t\n\t\t\t\n<div class=\"portfolio-item\" data-category=\"\" style=\"border-radius:0px;\">\n\t<div class=\"portfolio-item__wrap\">\n\t\t<img decoding=\"async\" class=\"portfolio-item__img\" src=\"https:\/\/www.carpentry-jclemente.com\/wp-content\/uploads\/2025\/02\/IMG_4310-600x600.jpeg\" alt=\"Arm\u00e1rios\">\n\t\t<div class=\"portfolio-item__inner\">\n\t\t\t<a href=\"https:\/\/www.carpentry-jclemente.com\/wp-content\/uploads\/2025\/02\/IMG_4310-rotated.jpeg\" class=\"portfolio-item__link ico-150 preview-photo\" >\n\t\t\t\t\t\t\t<\/a>\n\t\t\t<div class=\"project-modal\">\n\t\t\t\t\t\t\t\t<div class=\"project-modal__inner\">\n\t\t\t\t\t<h6 class=\"project-modal__title\">Cabinets<\/h6>\n\t\t\t\t\t<div class=\"project-modal__description\"><\/div>\n\t\t\t\t\t\t\t\t\t\t\t\t\t\t\t\t\t\t\t<\/div>\n\t\t\t<\/div>\n\t\t\t\t\t\t<h5 class=\"portfolio-item__title\">Cabinets<\/h5>\n\t\t\t\t\t\t\t\t\t<span class=\"portfolio-item__subtitle\">Check our Works<\/span>\n\t\t\t\t\t<\/div>\n\t<\/div>\n<\/div>\t\t\t\n\t\t\n\t<\/div>\n<div class=\"col-xs-12 col-sm-3 no-padding align-top\" style=\"border-radius:0px;\"  >\n\t\t\t\t\n\t\t\t\n<div class=\"portfolio-item\" data-category=\"\" style=\"border-radius:0px;\">\n\t<div class=\"portfolio-item__wrap\">\n\t\t<img decoding=\"async\" class=\"portfolio-item__img\" src=\"https:\/\/www.carpentry-jclemente.com\/wp-content\/uploads\/2025\/02\/IMG_9425-600x600.jpeg\" alt=\"Arm\u00e1rios\">\n\t\t<div class=\"portfolio-item__inner\">\n\t\t\t<a href=\"https:\/\/www.carpentry-jclemente.com\/wp-content\/uploads\/2025\/02\/IMG_9425-rotated.jpeg\" class=\"portfolio-item__link ico-150 preview-photo\" >\n\t\t\t\t\t\t\t<\/a>\n\t\t\t<div class=\"project-modal\">\n\t\t\t\t\t\t\t\t<div class=\"project-modal__inner\">\n\t\t\t\t\t<h6 class=\"project-modal__title\">Cabinets<\/h6>\n\t\t\t\t\t<div class=\"project-modal__description\"><\/div>\n\t\t\t\t\t\t\t\t\t\t\t\t\t\t\t\t\t\t\t<\/div>\n\t\t\t<\/div>\n\t\t\t\t\t\t<h5 class=\"portfolio-item__title\">Cabinets<\/h5>\n\t\t\t\t\t\t\t\t\t<span class=\"portfolio-item__subtitle\">Check our Works<\/span>\n\t\t\t\t\t<\/div>\n\t<\/div>\n<\/div>\t\t\t\n\t\t\n\t<\/div>\n<div class=\"col-xs-12 col-sm-3 no-padding align-top\" style=\"border-radius:0px;\"  >\n\t\t\t\t\n\t\t\t\n<div class=\"portfolio-item\" data-category=\"\" style=\"border-radius:0px;\">\n\t<div class=\"portfolio-item__wrap\">\n\t\t<img decoding=\"async\" class=\"portfolio-item__img\" src=\"https:\/\/www.carpentry-jclemente.com\/wp-content\/uploads\/2025\/02\/IMG_9426-600x600.jpeg\" alt=\"Arm\u00e1rios\">\n\t\t<div class=\"portfolio-item__inner\">\n\t\t\t<a href=\"https:\/\/www.carpentry-jclemente.com\/wp-content\/uploads\/2025\/02\/IMG_9426.jpeg\" class=\"portfolio-item__link ico-150 preview-photo\" >\n\t\t\t\t\t\t\t<\/a>\n\t\t\t<div class=\"project-modal\">\n\t\t\t\t\t\t\t\t<div class=\"project-modal__inner\">\n\t\t\t\t\t<h6 class=\"project-modal__title\">Cabinets<\/h6>\n\t\t\t\t\t<div class=\"project-modal__description\"><\/div>\n\t\t\t\t\t\t\t\t\t\t\t\t\t\t\t\t\t\t\t<\/div>\n\t\t\t<\/div>\n\t\t\t\t\t\t<h5 class=\"portfolio-item__title\">Cabinets<\/h5>\n\t\t\t\t\t\t\t\t\t<span class=\"portfolio-item__subtitle\">Check our Works<\/span>\n\t\t\t\t\t<\/div>\n\t<\/div>\n<\/div>\t\t\t\n\t\t\n\t<\/div>\n<div class=\"col-xs-12 col-sm-3 no-padding align-top\" style=\"border-radius:0px;\"  >\n\t\t\t\t\n\t\t\t\n<div class=\"portfolio-item\" data-category=\"\" style=\"border-radius:0px;\">\n\t<div class=\"portfolio-item__wrap\">\n\t\t<img decoding=\"async\" class=\"portfolio-item__img\" src=\"https:\/\/www.carpentry-jclemente.com\/wp-content\/uploads\/2025\/02\/IMG_9427-600x600.jpeg\" alt=\"Arm\u00e1rios\">\n\t\t<div class=\"portfolio-item__inner\">\n\t\t\t<a href=\"https:\/\/www.carpentry-jclemente.com\/wp-content\/uploads\/2025\/02\/IMG_9427.jpeg\" class=\"portfolio-item__link ico-150 preview-photo\" >\n\t\t\t\t\t\t\t<\/a>\n\t\t\t<div class=\"project-modal\">\n\t\t\t\t\t\t\t\t<div class=\"project-modal__inner\">\n\t\t\t\t\t<h6 class=\"project-modal__title\">Cabinets<\/h6>\n\t\t\t\t\t<div class=\"project-modal__description\"><\/div>\n\t\t\t\t\t\t\t\t\t\t\t\t\t\t\t\t\t\t\t<\/div>\n\t\t\t<\/div>\n\t\t\t\t\t\t<h5 class=\"portfolio-item__title\">Cabinets<\/h5>\n\t\t\t\t\t\t\t\t\t<span class=\"portfolio-item__subtitle\">Check our Works<\/span>\n\t\t\t\t\t<\/div>\n\t<\/div>\n<\/div>\t\t\t\n\t\t\n\t<\/div>\n<div class=\"col-xs-12 col-sm-3 no-padding align-top\" style=\"border-radius:0px;\"  >\n\t\t\t\t\n\t\t\t\n<div class=\"portfolio-item\" data-category=\"\" style=\"border-radius:0px;\">\n\t<div class=\"portfolio-item__wrap\">\n\t\t<img decoding=\"async\" class=\"portfolio-item__img\" src=\"https:\/\/www.carpentry-jclemente.com\/wp-content\/uploads\/2025\/02\/IMG_9460-600x600.jpeg\" alt=\"Arm\u00e1rios\">\n\t\t<div class=\"portfolio-item__inner\">\n\t\t\t<a href=\"https:\/\/www.carpentry-jclemente.com\/wp-content\/uploads\/2025\/02\/IMG_9460.jpeg\" class=\"portfolio-item__link ico-150 preview-photo\" >\n\t\t\t\t\t\t\t<\/a>\n\t\t\t<div class=\"project-modal\">\n\t\t\t\t\t\t\t\t<div class=\"project-modal__inner\">\n\t\t\t\t\t<h6 class=\"project-modal__title\">Cabinets<\/h6>\n\t\t\t\t\t<div class=\"project-modal__description\"><\/div>\n\t\t\t\t\t\t\t\t\t\t\t\t\t\t\t\t\t\t\t<\/div>\n\t\t\t<\/div>\n\t\t\t\t\t\t<h5 class=\"portfolio-item__title\">Cabinets<\/h5>\n\t\t\t\t\t\t\t\t\t<span class=\"portfolio-item__subtitle\">Check our Works<\/span>\n\t\t\t\t\t<\/div>\n\t<\/div>\n<\/div>\t\t\t\n\t\t\n\t<\/div>\n<div class=\"col-xs-12 col-sm-3 no-padding align-top\" style=\"border-radius:0px;\"  >\n\t\t\t\t\n\t\t\t\n<div class=\"portfolio-item\" data-category=\"\" style=\"border-radius:0px;\">\n\t<div class=\"portfolio-item__wrap\">\n\t\t<img decoding=\"async\" class=\"portfolio-item__img\" src=\"https:\/\/www.carpentry-jclemente.com\/wp-content\/uploads\/2025\/02\/IMG_9748.jpeg\" alt=\"Arm\u00e1rios\">\n\t\t<div class=\"portfolio-item__inner\">\n\t\t\t<a href=\"https:\/\/www.carpentry-jclemente.com\/wp-content\/uploads\/2025\/02\/IMG_9748.jpeg\" class=\"portfolio-item__link ico-150 preview-photo\" >\n\t\t\t\t\t\t\t<\/a>\n\t\t\t<div class=\"project-modal\">\n\t\t\t\t\t\t\t\t<div class=\"project-modal__inner\">\n\t\t\t\t\t<h6 class=\"project-modal__title\">Cabinets<\/h6>\n\t\t\t\t\t<div class=\"project-modal__description\"><\/div>\n\t\t\t\t\t\t\t\t\t\t\t\t\t\t\t\t\t\t\t<\/div>\n\t\t\t<\/div>\n\t\t\t\t\t\t<h5 class=\"portfolio-item__title\">Cabinets<\/h5>\n\t\t\t\t\t\t\t\t\t<span class=\"portfolio-item__subtitle\">Check our Works<\/span>\n\t\t\t\t\t<\/div>\n\t<\/div>\n<\/div>\t\t\t\n\t\t\n\t<\/div>\n<div class=\"col-xs-12 col-sm-3 no-padding align-top\" style=\"border-radius:0px;\"  >\n\t\t\t\t\n\t\t\t\n<div class=\"portfolio-item\" data-category=\"\" style=\"border-radius:0px;\">\n\t<div class=\"portfolio-item__wrap\">\n\t\t<img decoding=\"async\" class=\"portfolio-item__img\" src=\"https:\/\/www.carpentry-jclemente.com\/wp-content\/uploads\/2025\/02\/IMG_5713-600x600.jpg\" alt=\"Arm\u00e1rios\">\n\t\t<div class=\"portfolio-item__inner\">\n\t\t\t<a href=\"https:\/\/www.carpentry-jclemente.com\/wp-content\/uploads\/2025\/02\/IMG_5713-scaled.jpg\" class=\"portfolio-item__link ico-150 preview-photo\" >\n\t\t\t\t\t\t\t<\/a>\n\t\t\t<div class=\"project-modal\">\n\t\t\t\t\t\t\t\t<div class=\"project-modal__inner\">\n\t\t\t\t\t<h6 class=\"project-modal__title\">Cabinets<\/h6>\n\t\t\t\t\t<div class=\"project-modal__description\"><\/div>\n\t\t\t\t\t\t\t\t\t\t\t\t\t\t\t\t\t\t\t<\/div>\n\t\t\t<\/div>\n\t\t\t\t\t\t<h5 class=\"portfolio-item__title\">Cabinets<\/h5>\n\t\t\t\t\t\t\t\t\t<span class=\"portfolio-item__subtitle\">Check our Works<\/span>\n\t\t\t\t\t<\/div>\n\t<\/div>\n<\/div>\t\t\t\n\t\t\n\t<\/div>\n<div class=\"col-xs-12 col-sm-3 no-padding align-top\" style=\"border-radius:0px;\"  >\n\t\t\t\t\n\t\t\t\n<div class=\"portfolio-item\" data-category=\"\" style=\"border-radius:0px;\">\n\t<div class=\"portfolio-item__wrap\">\n\t\t<img decoding=\"async\" class=\"portfolio-item__img\" src=\"https:\/\/www.carpentry-jclemente.com\/wp-content\/uploads\/2025\/02\/IMG_5714-600x600.jpg\" alt=\"Arm\u00e1rios\">\n\t\t<div class=\"portfolio-item__inner\">\n\t\t\t<a href=\"https:\/\/www.carpentry-jclemente.com\/wp-content\/uploads\/2025\/02\/IMG_5714-scaled.jpg\" class=\"portfolio-item__link ico-150 preview-photo\" >\n\t\t\t\t\t\t\t<\/a>\n\t\t\t<div class=\"project-modal\">\n\t\t\t\t\t\t\t\t<div class=\"project-modal__inner\">\n\t\t\t\t\t<h6 class=\"project-modal__title\">Cabinets<\/h6>\n\t\t\t\t\t<div class=\"project-modal__description\"><\/div>\n\t\t\t\t\t\t\t\t\t\t\t\t\t\t\t\t\t\t\t<\/div>\n\t\t\t<\/div>\n\t\t\t\t\t\t<h5 class=\"portfolio-item__title\">Cabinets<\/h5>\n\t\t\t\t\t\t\t\t\t<span class=\"portfolio-item__subtitle\">Check our Works<\/span>\n\t\t\t\t\t<\/div>\n\t<\/div>\n<\/div>\t\t\t\n\t\t\n\t<\/div>\n<div class=\"col-xs-12 col-sm-3 no-padding align-top\" style=\"border-radius:0px;\"  >\n\t\t\t\t\n\t\t\t\n<div class=\"portfolio-item\" data-category=\"\" style=\"border-radius:0px;\">\n\t<div class=\"portfolio-item__wrap\">\n\t\t<img decoding=\"async\" class=\"portfolio-item__img\" src=\"https:\/\/www.carpentry-jclemente.com\/wp-content\/uploads\/2025\/02\/IMG_5715-600x600.jpg\" alt=\"Arm\u00e1rios\">\n\t\t<div class=\"portfolio-item__inner\">\n\t\t\t<a href=\"https:\/\/www.carpentry-jclemente.com\/wp-content\/uploads\/2025\/02\/IMG_5715-scaled.jpg\" class=\"portfolio-item__link ico-150 preview-photo\" >\n\t\t\t\t\t\t\t<\/a>\n\t\t\t<div class=\"project-modal\">\n\t\t\t\t\t\t\t\t<div class=\"project-modal__inner\">\n\t\t\t\t\t<h6 class=\"project-modal__title\">Cabinets<\/h6>\n\t\t\t\t\t<div class=\"project-modal__description\"><\/div>\n\t\t\t\t\t\t\t\t\t\t\t\t\t\t\t\t\t\t\t<\/div>\n\t\t\t<\/div>\n\t\t\t\t\t\t<h5 class=\"portfolio-item__title\">Cabinets<\/h5>\n\t\t\t\t\t\t\t\t\t<span class=\"portfolio-item__subtitle\">Check our Works<\/span>\n\t\t\t\t\t<\/div>\n\t<\/div>\n<\/div>\t\t\t\n\t\t\n\t<\/div>\n<div class=\"col-xs-12 col-sm-3 no-padding align-top\" style=\"border-radius:0px;\"  >\n\t\t\t\t\n\t\t\t\n<div class=\"portfolio-item\" data-category=\"\" style=\"border-radius:0px;\">\n\t<div class=\"portfolio-item__wrap\">\n\t\t<img decoding=\"async\" class=\"portfolio-item__img\" src=\"https:\/\/www.carpentry-jclemente.com\/wp-content\/uploads\/2025\/02\/IMG_5716-600x600.jpg\" alt=\"Arm\u00e1rios\">\n\t\t<div class=\"portfolio-item__inner\">\n\t\t\t<a href=\"https:\/\/www.carpentry-jclemente.com\/wp-content\/uploads\/2025\/02\/IMG_5716-scaled.jpg\" class=\"portfolio-item__link ico-150 preview-photo\" >\n\t\t\t\t\t\t\t<\/a>\n\t\t\t<div class=\"project-modal\">\n\t\t\t\t\t\t\t\t<div class=\"project-modal__inner\">\n\t\t\t\t\t<h6 class=\"project-modal__title\">Cabinets<\/h6>\n\t\t\t\t\t<div class=\"project-modal__description\"><\/div>\n\t\t\t\t\t\t\t\t\t\t\t\t\t\t\t\t\t\t\t<\/div>\n\t\t\t<\/div>\n\t\t\t\t\t\t<h5 class=\"portfolio-item__title\">Cabinets<\/h5>\n\t\t\t\t\t\t\t\t\t<span class=\"portfolio-item__subtitle\">Check our Works<\/span>\n\t\t\t\t\t<\/div>\n\t<\/div>\n<\/div>\t\t\t\n\t\t\n\t<\/div>\n<div class=\"col-xs-12 col-sm-3 no-padding align-top\" style=\"border-radius:0px;\"  >\n\t\t\t\t\n\t\t\t\n<div class=\"portfolio-item\" data-category=\"\" style=\"border-radius:0px;\">\n\t<div class=\"portfolio-item__wrap\">\n\t\t<img decoding=\"async\" class=\"portfolio-item__img\" src=\"https:\/\/www.carpentry-jclemente.com\/wp-content\/uploads\/2025\/02\/IMG_5718-600x600.jpg\" alt=\"Arm\u00e1rios\">\n\t\t<div class=\"portfolio-item__inner\">\n\t\t\t<a href=\"https:\/\/www.carpentry-jclemente.com\/wp-content\/uploads\/2025\/02\/IMG_5718-scaled.jpg\" class=\"portfolio-item__link ico-150 preview-photo\" >\n\t\t\t\t\t\t\t<\/a>\n\t\t\t<div class=\"project-modal\">\n\t\t\t\t\t\t\t\t<div class=\"project-modal__inner\">\n\t\t\t\t\t<h6 class=\"project-modal__title\">Cabinets<\/h6>\n\t\t\t\t\t<div class=\"project-modal__description\"><\/div>\n\t\t\t\t\t\t\t\t\t\t\t\t\t\t\t\t\t\t\t<\/div>\n\t\t\t<\/div>\n\t\t\t\t\t\t<h5 class=\"portfolio-item__title\">Cabinets<\/h5>\n\t\t\t\t\t\t\t\t\t<span class=\"portfolio-item__subtitle\">Check our Works<\/span>\n\t\t\t\t\t<\/div>\n\t<\/div>\n<\/div>\t\t\t\n\t\t\n\t<\/div>\n<div class=\"col-xs-12 col-sm-3 no-padding align-top\" style=\"border-radius:0px;\"  >\n\t\t\t\t\n\t\t\t\n<div class=\"portfolio-item\" data-category=\"\" style=\"border-radius:0px;\">\n\t<div class=\"portfolio-item__wrap\">\n\t\t<img decoding=\"async\" class=\"portfolio-item__img\" src=\"https:\/\/www.carpentry-jclemente.com\/wp-content\/uploads\/2025\/02\/IMG_5720-600x600.jpg\" alt=\"Arm\u00e1rios\">\n\t\t<div class=\"portfolio-item__inner\">\n\t\t\t<a href=\"https:\/\/www.carpentry-jclemente.com\/wp-content\/uploads\/2025\/02\/IMG_5720-scaled.jpg\" class=\"portfolio-item__link ico-150 preview-photo\" >\n\t\t\t\t\t\t\t<\/a>\n\t\t\t<div class=\"project-modal\">\n\t\t\t\t\t\t\t\t<div class=\"project-modal__inner\">\n\t\t\t\t\t<h6 class=\"project-modal__title\">Cabinets<\/h6>\n\t\t\t\t\t<div class=\"project-modal__description\"><\/div>\n\t\t\t\t\t\t\t\t\t\t\t\t\t\t\t\t\t\t\t<\/div>\n\t\t\t<\/div>\n\t\t\t\t\t\t<h5 class=\"portfolio-item__title\">Cabinets<\/h5>\n\t\t\t\t\t\t\t\t\t<span class=\"portfolio-item__subtitle\">Check our Works<\/span>\n\t\t\t\t\t<\/div>\n\t<\/div>\n<\/div>\t\t\t\n\t\t\n\t<\/div>\n<div class=\"col-xs-12 col-sm-3 no-padding align-top\" style=\"border-radius:0px;\"  >\n\t\t\t\t\n\t\t\t\n<div class=\"portfolio-item\" data-category=\"\" style=\"border-radius:0px;\">\n\t<div class=\"portfolio-item__wrap\">\n\t\t<img decoding=\"async\" class=\"portfolio-item__img\" src=\"https:\/\/www.carpentry-jclemente.com\/wp-content\/uploads\/2025\/02\/IMG_5722-600x600.jpg\" alt=\"Arm\u00e1rios\">\n\t\t<div class=\"portfolio-item__inner\">\n\t\t\t<a href=\"https:\/\/www.carpentry-jclemente.com\/wp-content\/uploads\/2025\/02\/IMG_5722-scaled.jpg\" class=\"portfolio-item__link ico-150 preview-photo\" >\n\t\t\t\t\t\t\t<\/a>\n\t\t\t<div class=\"project-modal\">\n\t\t\t\t\t\t\t\t<div class=\"project-modal__inner\">\n\t\t\t\t\t<h6 class=\"project-modal__title\">Cabinets<\/h6>\n\t\t\t\t\t<div class=\"project-modal__description\"><\/div>\n\t\t\t\t\t\t\t\t\t\t\t\t\t\t\t\t\t\t\t<\/div>\n\t\t\t<\/div>\n\t\t\t\t\t\t<h5 class=\"portfolio-item__title\">Cabinets<\/h5>\n\t\t\t\t\t\t\t\t\t<span class=\"portfolio-item__subtitle\">Check our Works<\/span>\n\t\t\t\t\t<\/div>\n\t<\/div>\n<\/div>\t\t\t\n\t\t\n\t<\/div><\/div>\n\n\n\t\t\t\t\t\t\t\t\t<\/div>\n\t\t\t\t\n\t\t\t<\/div>\n\t\t\t\t\n\t<\/div>","protected":false},"excerpt":{"rendered":"<p>Arm\u00e1rios Arm\u00e1rios Alguns dos nossos trabalhos Arm\u00e1rios Arm\u00e1rios Alguns dos nossos trabalhos Arm\u00e1rios Arm\u00e1rios Alguns dos nossos trabalhos Arm\u00e1rios Arm\u00e1rios Alguns dos nossos trabalhos Arm\u00e1rios Arm\u00e1rios Alguns dos nossos trabalhos Arm\u00e1rios Arm\u00e1rios Alguns dos nossos trabalhos Arm\u00e1rios Arm\u00e1rios Alguns dos nossos trabalhos Arm\u00e1rios Arm\u00e1rios Alguns dos nossos trabalhos Arm\u00e1rios Arm\u00e1rios Alguns dos nossos trabalhos Arm\u00e1rios<\/p>\n<a class=\"more-link btn-a btn-a_color_theme btn-a_hover_2\" href=\"https:\/\/www.carpentry-jclemente.com\/en\/galeria-armarios\/\">Read more<\/a>","protected":false},"author":2,"featured_media":0,"parent":0,"menu_order":0,"comment_status":"closed","ping_status":"closed","template":"page-simple.php","meta":{"footnotes":""},"class_list":["post-4629","page","type-page","status-publish","hentry"],"_links":{"self":[{"href":"https:\/\/www.carpentry-jclemente.com\/en\/wp-json\/wp\/v2\/pages\/4629","targetHints":{"allow":["GET"]}}],"collection":[{"href":"https:\/\/www.carpentry-jclemente.com\/en\/wp-json\/wp\/v2\/pages"}],"about":[{"href":"https:\/\/www.carpentry-jclemente.com\/en\/wp-json\/wp\/v2\/types\/page"}],"author":[{"embeddable":true,"href":"https:\/\/www.carpentry-jclemente.com\/en\/wp-json\/wp\/v2\/users\/2"}],"replies":[{"embeddable":true,"href":"https:\/\/www.carpentry-jclemente.com\/en\/wp-json\/wp\/v2\/comments?post=4629"}],"version-history":[{"count":4,"href":"https:\/\/www.carpentry-jclemente.com\/en\/wp-json\/wp\/v2\/pages\/4629\/revisions"}],"predecessor-version":[{"id":4753,"href":"https:\/\/www.carpentry-jclemente.com\/en\/wp-json\/wp\/v2\/pages\/4629\/revisions\/4753"}],"wp:attachment":[{"href":"https:\/\/www.carpentry-jclemente.com\/en\/wp-json\/wp\/v2\/media?parent=4629"}],"curies":[{"name":"wp","href":"https:\/\/api.w.org\/{rel}","templated":true}]}}