{"id":4571,"date":"2025-02-10T13:50:14","date_gmt":"2025-02-10T13:50:14","guid":{"rendered":"https:\/\/www.carpentry-jclemente.com\/?page_id=4571"},"modified":"2025-02-10T13:52:32","modified_gmt":"2025-02-10T13:52:32","slug":"galeria-renovacao-de-fachadas-e-alojamento-termico","status":"publish","type":"page","link":"https:\/\/www.carpentry-jclemente.com\/en\/galeria-renovacao-de-fachadas-e-alojamento-termico\/","title":{"rendered":"Facade renovation and thermal housing"},"content":{"rendered":"<div class=\"section section-white section-2\"   style=\"padding-top:100px;padding-bottom:100px;border-radius:0px;\" >\n\t\n\t\n\t\n\t\t\n\t\t\n\t\t\t\t\t\t\n\t\t\t\t\t<div class=\"container align-left\">\n\n\t\t\t\t\t\t\t\t<div class=\"row  portfolio-no-gutter portfolio-2\">\n\n\t\t\t\t\t\n\t\t\t\t\t<div class=\"row\">\n\t\n<div class=\"col-xs-12 col-sm-3 no-padding align-top\" style=\"border-radius:0px;\"  >\n\t\t\t\t\n\t\t\t\n<div class=\"portfolio-item\" data-category=\"\" style=\"border-radius:0px;\">\n\t<div class=\"portfolio-item__wrap\">\n\t\t<img decoding=\"async\" class=\"portfolio-item__img\" src=\"https:\/\/www.carpentry-jclemente.com\/wp-content\/uploads\/2025\/02\/33efd6e6-259f-4060-85b7-a3a079c86f0a-600x600.jpg\" alt=\"Renova\u00e7\u00e3o de fachadas e alojamento t\u00e9rmico\">\n\t\t<div class=\"portfolio-item__inner\">\n\t\t\t<a href=\"https:\/\/www.carpentry-jclemente.com\/wp-content\/uploads\/2025\/02\/33efd6e6-259f-4060-85b7-a3a079c86f0a.jpg\" class=\"portfolio-item__link ico-150 preview-photo\" >\n\t\t\t\t\t\t\t<\/a>\n\t\t\t<div class=\"project-modal\">\n\t\t\t\t\t\t\t\t<div class=\"project-modal__inner\">\n\t\t\t\t\t<h6 class=\"project-modal__title\">Facade renovation and thermal housing<\/h6>\n\t\t\t\t\t<div class=\"project-modal__description\"><\/div>\n\t\t\t\t\t\t\t\t\t\t\t\t\t\t\t\t\t\t\t<\/div>\n\t\t\t<\/div>\n\t\t\t\t\t\t<h5 class=\"portfolio-item__title\">Facade renovation and thermal housing<\/h5>\n\t\t\t\t\t\t\t\t\t<span class=\"portfolio-item__subtitle\">Check our Works<\/span>\n\t\t\t\t\t<\/div>\n\t<\/div>\n<\/div>\t\t\t\n\t\t\n\t<\/div>\n<div class=\"col-xs-12 col-sm-3 no-padding align-top\" style=\"border-radius:0px;\"  >\n\t\t\t\t\n\t\t\t\n<div class=\"portfolio-item\" data-category=\"\" style=\"border-radius:0px;\">\n\t<div class=\"portfolio-item__wrap\">\n\t\t<img decoding=\"async\" class=\"portfolio-item__img\" src=\"https:\/\/www.carpentry-jclemente.com\/wp-content\/uploads\/2025\/02\/IMG_7133-600x600.jpg\" alt=\"Renova\u00e7\u00e3o de fachadas e alojamento t\u00e9rmico\">\n\t\t<div class=\"portfolio-item__inner\">\n\t\t\t<a href=\"https:\/\/www.carpentry-jclemente.com\/wp-content\/uploads\/2025\/02\/IMG_7133-scaled.jpg\" class=\"portfolio-item__link ico-150 preview-photo\" >\n\t\t\t\t\t\t\t<\/a>\n\t\t\t<div class=\"project-modal\">\n\t\t\t\t\t\t\t\t<div class=\"project-modal__inner\">\n\t\t\t\t\t<h6 class=\"project-modal__title\">Facade renovation and thermal housing<\/h6>\n\t\t\t\t\t<div class=\"project-modal__description\"><\/div>\n\t\t\t\t\t\t\t\t\t\t\t\t\t\t\t\t\t\t\t<\/div>\n\t\t\t<\/div>\n\t\t\t\t\t\t<h5 class=\"portfolio-item__title\">Facade renovation and thermal housing<\/h5>\n\t\t\t\t\t\t\t\t\t<span class=\"portfolio-item__subtitle\">Check our Works<\/span>\n\t\t\t\t\t<\/div>\n\t<\/div>\n<\/div>\t\t\t\n\t\t\n\t<\/div>\n<div class=\"col-xs-12 col-sm-3 no-padding align-top\" style=\"border-radius:0px;\"  >\n\t\t\t\t\n\t\t\t\n<div class=\"portfolio-item\" data-category=\"\" style=\"border-radius:0px;\">\n\t<div class=\"portfolio-item__wrap\">\n\t\t<img decoding=\"async\" class=\"portfolio-item__img\" src=\"https:\/\/www.carpentry-jclemente.com\/wp-content\/uploads\/2025\/02\/IMG_7304-600x600.jpg\" alt=\"Renova\u00e7\u00e3o de fachadas e alojamento t\u00e9rmico\">\n\t\t<div class=\"portfolio-item__inner\">\n\t\t\t<a href=\"https:\/\/www.carpentry-jclemente.com\/wp-content\/uploads\/2025\/02\/IMG_7304-scaled.jpg\" class=\"portfolio-item__link ico-150 preview-photo\" >\n\t\t\t\t\t\t\t<\/a>\n\t\t\t<div class=\"project-modal\">\n\t\t\t\t\t\t\t\t<div class=\"project-modal__inner\">\n\t\t\t\t\t<h6 class=\"project-modal__title\">Facade renovation and thermal housing<\/h6>\n\t\t\t\t\t<div class=\"project-modal__description\"><\/div>\n\t\t\t\t\t\t\t\t\t\t\t\t\t\t\t\t\t\t\t<\/div>\n\t\t\t<\/div>\n\t\t\t\t\t\t<h5 class=\"portfolio-item__title\">Facade renovation and thermal housing<\/h5>\n\t\t\t\t\t\t\t\t\t<span class=\"portfolio-item__subtitle\">Check our Works<\/span>\n\t\t\t\t\t<\/div>\n\t<\/div>\n<\/div>\t\t\t\n\t\t\n\t<\/div>\n<div class=\"col-xs-12 col-sm-3 no-padding align-top\" style=\"border-radius:0px;\"  >\n\t\t\t\t\n\t\t\t\n<div class=\"portfolio-item\" data-category=\"\" style=\"border-radius:0px;\">\n\t<div class=\"portfolio-item__wrap\">\n\t\t<img decoding=\"async\" class=\"portfolio-item__img\" src=\"https:\/\/www.carpentry-jclemente.com\/wp-content\/uploads\/2025\/02\/IMG_7394-600x600.jpg\" alt=\"Renova\u00e7\u00e3o de fachadas e alojamento t\u00e9rmico\">\n\t\t<div class=\"portfolio-item__inner\">\n\t\t\t<a href=\"https:\/\/www.carpentry-jclemente.com\/wp-content\/uploads\/2025\/02\/IMG_7394.jpg\" class=\"portfolio-item__link ico-150 preview-photo\" >\n\t\t\t\t\t\t\t<\/a>\n\t\t\t<div class=\"project-modal\">\n\t\t\t\t\t\t\t\t<div class=\"project-modal__inner\">\n\t\t\t\t\t<h6 class=\"project-modal__title\">Facade renovation and thermal housing<\/h6>\n\t\t\t\t\t<div class=\"project-modal__description\"><\/div>\n\t\t\t\t\t\t\t\t\t\t\t\t\t\t\t\t\t\t\t<\/div>\n\t\t\t<\/div>\n\t\t\t\t\t\t<h5 class=\"portfolio-item__title\">Facade renovation and thermal housing<\/h5>\n\t\t\t\t\t\t\t\t\t<span class=\"portfolio-item__subtitle\">Check our Works<\/span>\n\t\t\t\t\t<\/div>\n\t<\/div>\n<\/div>\t\t\t\n\t\t\n\t<\/div>\n<div class=\"col-xs-12 col-sm-3 no-padding align-top\" style=\"border-radius:0px;\"  >\n\t\t\t\t\n\t\t\t\n<div class=\"portfolio-item\" data-category=\"\" style=\"border-radius:0px;\">\n\t<div class=\"portfolio-item__wrap\">\n\t\t<img decoding=\"async\" class=\"portfolio-item__img\" src=\"https:\/\/www.carpentry-jclemente.com\/wp-content\/uploads\/2025\/02\/IMG_7486-600x600.jpg\" alt=\"Renova\u00e7\u00e3o de fachadas e alojamento t\u00e9rmico\">\n\t\t<div class=\"portfolio-item__inner\">\n\t\t\t<a href=\"https:\/\/www.carpentry-jclemente.com\/wp-content\/uploads\/2025\/02\/IMG_7486-scaled.jpg\" class=\"portfolio-item__link ico-150 preview-photo\" >\n\t\t\t\t\t\t\t<\/a>\n\t\t\t<div class=\"project-modal\">\n\t\t\t\t\t\t\t\t<div class=\"project-modal__inner\">\n\t\t\t\t\t<h6 class=\"project-modal__title\">Facade renovation and thermal housing<\/h6>\n\t\t\t\t\t<div class=\"project-modal__description\"><\/div>\n\t\t\t\t\t\t\t\t\t\t\t\t\t\t\t\t\t\t\t<\/div>\n\t\t\t<\/div>\n\t\t\t\t\t\t<h5 class=\"portfolio-item__title\">Facade renovation and thermal housing<\/h5>\n\t\t\t\t\t\t\t\t\t<span class=\"portfolio-item__subtitle\">Check our Works<\/span>\n\t\t\t\t\t<\/div>\n\t<\/div>\n<\/div>\t\t\t\n\t\t\n\t<\/div>\n<div class=\"col-xs-12 col-sm-3 no-padding align-top\" style=\"border-radius:0px;\"  >\n\t\t\t\t\n\t\t\t\n<div class=\"portfolio-item\" data-category=\"\" style=\"border-radius:0px;\">\n\t<div class=\"portfolio-item__wrap\">\n\t\t<img decoding=\"async\" class=\"portfolio-item__img\" src=\"https:\/\/www.carpentry-jclemente.com\/wp-content\/uploads\/2025\/02\/IMG_7490-600x600.jpg\" alt=\"Renova\u00e7\u00e3o de fachadas e alojamento t\u00e9rmico\">\n\t\t<div class=\"portfolio-item__inner\">\n\t\t\t<a href=\"https:\/\/www.carpentry-jclemente.com\/wp-content\/uploads\/2025\/02\/IMG_7490-scaled.jpg\" class=\"portfolio-item__link ico-150 preview-photo\" >\n\t\t\t\t\t\t\t<\/a>\n\t\t\t<div class=\"project-modal\">\n\t\t\t\t\t\t\t\t<div class=\"project-modal__inner\">\n\t\t\t\t\t<h6 class=\"project-modal__title\">Facade renovation and thermal housing<\/h6>\n\t\t\t\t\t<div class=\"project-modal__description\"><\/div>\n\t\t\t\t\t\t\t\t\t\t\t\t\t\t\t\t\t\t\t<\/div>\n\t\t\t<\/div>\n\t\t\t\t\t\t<h5 class=\"portfolio-item__title\">Facade renovation and thermal housing<\/h5>\n\t\t\t\t\t\t\t\t\t<span class=\"portfolio-item__subtitle\">Check our Works<\/span>\n\t\t\t\t\t<\/div>\n\t<\/div>\n<\/div>\t\t\t\n\t\t\n\t<\/div><\/div>\n\n\n\t\t\t\t\t\t\t\t\t<\/div>\n\t\t\t\t\n\t\t\t<\/div>\n\t\t\t\t\n\t<\/div>","protected":false},"excerpt":{"rendered":"<p>Renova\u00e7\u00e3o de fachadas e alojamento t\u00e9rmico Renova\u00e7\u00e3o de fachadas e alojamento t\u00e9rmico Alguns dos nossos trabalhos Renova\u00e7\u00e3o de fachadas e alojamento t\u00e9rmico Renova\u00e7\u00e3o de fachadas e alojamento t\u00e9rmico Alguns dos nossos trabalhos Renova\u00e7\u00e3o de fachadas e alojamento t\u00e9rmico Renova\u00e7\u00e3o de fachadas e alojamento t\u00e9rmico Alguns dos nossos trabalhos Renova\u00e7\u00e3o de fachadas e alojamento t\u00e9rmico Renova\u00e7\u00e3o<\/p>\n<a class=\"more-link btn-a btn-a_color_theme btn-a_hover_2\" href=\"https:\/\/www.carpentry-jclemente.com\/en\/galeria-renovacao-de-fachadas-e-alojamento-termico\/\">Read more<\/a>","protected":false},"author":2,"featured_media":0,"parent":0,"menu_order":0,"comment_status":"closed","ping_status":"closed","template":"page-simple.php","meta":{"footnotes":""},"class_list":["post-4571","page","type-page","status-publish","hentry"],"_links":{"self":[{"href":"https:\/\/www.carpentry-jclemente.com\/en\/wp-json\/wp\/v2\/pages\/4571","targetHints":{"allow":["GET"]}}],"collection":[{"href":"https:\/\/www.carpentry-jclemente.com\/en\/wp-json\/wp\/v2\/pages"}],"about":[{"href":"https:\/\/www.carpentry-jclemente.com\/en\/wp-json\/wp\/v2\/types\/page"}],"author":[{"embeddable":true,"href":"https:\/\/www.carpentry-jclemente.com\/en\/wp-json\/wp\/v2\/users\/2"}],"replies":[{"embeddable":true,"href":"https:\/\/www.carpentry-jclemente.com\/en\/wp-json\/wp\/v2\/comments?post=4571"}],"version-history":[{"count":2,"href":"https:\/\/www.carpentry-jclemente.com\/en\/wp-json\/wp\/v2\/pages\/4571\/revisions"}],"predecessor-version":[{"id":4574,"href":"https:\/\/www.carpentry-jclemente.com\/en\/wp-json\/wp\/v2\/pages\/4571\/revisions\/4574"}],"wp:attachment":[{"href":"https:\/\/www.carpentry-jclemente.com\/en\/wp-json\/wp\/v2\/media?parent=4571"}],"curies":[{"name":"wp","href":"https:\/\/api.w.org\/{rel}","templated":true}]}}